{"id":605,"date":"2019-08-16T15:41:41","date_gmt":"2019-08-16T13:41:41","guid":{"rendered":"https:\/\/point-of-fire.ch\/?page_id=605"},"modified":"2021-05-27T21:47:04","modified_gmt":"2021-05-27T19:47:04","slug":"startseite-it","status":"publish","type":"page","link":"https:\/\/point-of-fire.ch\/it\/","title":{"rendered":"Point of Fire, sempre un buon consiglio"},"content":{"rendered":"\n\t\t\t\t<a href=\"https:\/\/point-of-fire.ch\/it\/courses\/corso-online-come-faccio-a-convincere-i-clienti\/\" target=\"_self\" itemprop=\"url\" rel=\"noopener noreferrer\">\n\t\t\t\t<img decoding=\"async\" src=\"https:\/\/point-of-fire.ch\/wp-content\/uploads\/2019\/08\/Logo_Point_of_Fire.svg\" alt=\"Logo_Point_of_Fire\" itemprop=\"image\" title=\"Logo_Point_of_Fire\" onerror=\"this.style.display='none'\"  \/>\n\t\t\t\t<\/a>\n<h1>\n\t\tPoint of Fire, sempre un buon consiglio\n\t<\/h1>\n<h3>\n\t\tDiscussioni accese davanti alla stufa? Qui, nelle fiamme del \u00abPoint of Fire\u00bb fornire consulenza pu\u00f2 essere impegnativo. Come convincere i clienti del funzionamento ottimale del loro piccolo impianto a legna? Seguite i consigli dei vostri colleghi.\n\t<\/h3>\n<h3>\n\t\tLa consulenza al Point of Fire\n\t<\/h3>\n\t<p>Vi capita, in qualit\u00e0 di professionisti, di trovarvi in situazioni difficili quando installate, pulite o controllate visivamente piccoli impianti a legna? Quali stratagemmi usate per convincere i clienti? Ecco dei videoclip di professionisti del settore, consigli e argomentazioni e un corso online su \u00abPoint of Fire, sempre un buon consiglio\u00bb.<\/p>\n\t\t\t<a href=\"https:\/\/point-of-fire.ch\/it\/cassetta-degli-attrezzi\/\" target=\"_self\" role=\"button\" rel=\"noopener noreferrer\">\n\t\t\t\t\t\t\tComincia ora\n\t\t\t\t\t<\/a>\n<h3>\n\t\tLa vostra responsabilit\u00e0 al Point of Fire\n\t<\/h3>\n\t<p>Gli impianti a legna sono clima-compatibili ma possono anche produrre molte polveri fini. Per ridurre l\u2019inquinamento da polveri fini, \u00abPoint of Fire, sempre un buon consiglio\u00bb sostiene professionisti quali spazzacamini, controllori di impianti a combustione e installatori: sono loro la chiave per convincere i gestori di piccoli impianti a legna a trattare il fuoco in modo da ridurre le emissioni \u2013 e soprattutto di quanto sia semplice farlo.<\/p>\n\t\t\t<a href=\"https:\/\/point-of-fire.ch\/it\/di-cosa-si-tratta\/\" target=\"_self\" role=\"button\" rel=\"noopener noreferrer\">\n\t\t\t\t\t\t\tMaggiori informazioni\n\t\t\t\t\t<\/a>\n<h2>\n\t\tGli esempi di altri professionisti\n\t<\/h2>\n\t<p>Perch\u00e9 \u00e8 importante la consulenza al Point of Fire e come la si pu\u00f2 rendere efficace? Professionisti del settore raccontano le loro esperienze quotidiane e forniscono consigli a colleghi in tutta la Svizzera.<\/p>\n\t<iframe loading=\"lazy\" src=\"https:\/\/player.vimeo.com\/video\/374248175\" width=\"640\" height=\"360\" frameborder=\"0\" allow=\"autoplay; fullscreen\" allowfullscreen><\/iframe>\n<h3>\n\t\tLotta comune contro il fumo\n\t<\/h3>\n\t<p>Per ridurre le polveri fini nell\u2019aria, l\u2019UFAM, d\u2019intesa con associazioni e Cantoni, aiuta i professionisti del settore con \u00abPoint of Fire, sempre un buon consiglio\u00bb al fine di rafforzarne la competenza nei colloqui di consulenza con i clienti, nel trattare i punti scottanti. Sar\u00e0 cos\u00ec pi\u00f9 facile indurre i clienti a utilizzare in modo corretto la legna da energia adeguata.<\/p>\n<p>E contribuiscono anche a rendere l\u2019aria un po\u2019 pi\u00f9 pulita.<\/p>\n<h3>\n\t\tPartner di cooperazione della campagna\n\t<\/h3>\n\t<p>La campagna \u00e8 sostenuta dalle seguenti organizzazioni:<\/p>\n\t\t\t\t<a href=\"https:\/\/www.bafu.admin.ch\/bafu\/it\/home.html\" target=\"_blank\" rel=\"noopener noreferrer\" itemprop=\"url\">\n\t\t\t\t<img loading=\"lazy\" decoding=\"async\" src=\"https:\/\/point-of-fire.ch\/wp-content\/uploads\/2019\/11\/BAFU_Logo_I.png\" alt=\"BAFU_Logo_I\" itemprop=\"image\" height=\"293\" width=\"800\" title=\"BAFU_Logo_I\" onerror=\"this.style.display='none'\"  \/>\n\t\t\t\t<\/a>\n\t\t\t\t<a href=\"https:\/\/www.kaminfeger.ch\/it\" target=\"_blank\" rel=\"noopener noreferrer\" itemprop=\"url\">\n\t\t\t\t<img loading=\"lazy\" decoding=\"async\" src=\"https:\/\/point-of-fire.ch\/wp-content\/uploads\/2019\/11\/SKMV-Logo.png\" alt=\"SKMV-Logo\" itemprop=\"image\" height=\"260\" width=\"673\" title=\"SKMV-Logo\" onerror=\"this.style.display='none'\"  \/>\n\t\t\t\t<\/a>\n\t\t\t\t<a href=\"https:\/\/www.feusuisse.ch\/home\" target=\"_blank\" rel=\"noopener noreferrer\" itemprop=\"url\">\n\t\t\t\t<img loading=\"lazy\" decoding=\"async\" src=\"https:\/\/point-of-fire.ch\/wp-content\/uploads\/2019\/11\/feusuisse_de_cmyk.png\" alt=\"feusuisse_de_cmyk\" itemprop=\"image\" height=\"351\" width=\"800\" title=\"feusuisse_de_cmyk\" onerror=\"this.style.display='none'\"  \/>\n\t\t\t\t<\/a>\n\t\t\t\t<a href=\"http:\/\/vsfk.ch\/\" target=\"_blank\" rel=\"noopener noreferrer\" itemprop=\"url\">\n\t\t\t\t<img loading=\"lazy\" decoding=\"async\" src=\"https:\/\/point-of-fire.ch\/wp-content\/uploads\/2019\/11\/VSFK-Logo.png\" alt=\"VSFK-Logo\" itemprop=\"image\" height=\"1228\" width=\"800\" title=\"VSFK-Logo\" onerror=\"this.style.display='none'\"  \/>\n\t\t\t\t<\/a>\n\t<p>L\u2019offerta in linea \u00abPoint of Fire, sempre un buon consiglio\u00bb \u00e8 stata allestita dall\u2019<a href=\"https:\/\/www.bafu.admin.ch\/bafu\/it\/home\/temi\/aria\/info-specialisti\/misure-di-protezione-dellaria\/misure-di-protezione-dellaria-per-impianti-a-combustione.html\" target=\"_blank\" rel=\"noopener noreferrer\">Ufficio federale dell\u2019ambiente (UFAM)<\/a> in collaborazione con i professionisti del settore <a href=\"https:\/\/www.kaminfeger.ch\/it\" target=\"_blank\" rel=\"noopener noreferrer\">spazzacamini.ch<\/a>, <a href=\"https:\/\/vsfk.ch\/\" target=\"_blank\" rel=\"noopener noreferrer\">vsfk.ch<\/a>, <a href=\"https:\/\/www.feusuisse.ch\/home\" target=\"_blank\" rel=\"noopener noreferrer\">feusuisse.ch<\/a>. La pagina web non viene pi\u00f9 aggiornata, ma rimane tuttavia attiva fino a nuovo avviso quale supporto per le consulenze alla clientela (stato aprile 2021).<\/p>\n","protected":false},"excerpt":{"rendered":"<p>Point of Fire, sempre un buon consiglio Discussioni accese davanti alla stufa? Qui, nelle fiamme del \u00abPoint of Fire\u00bb fornire consulenza pu\u00f2 essere impegnativo. Come convincere i clienti del funzionamento ottimale del loro piccolo impianto a legna? Seguite i consigli dei vostri colleghi. La consulenza al Point of Fire Vi capita, in qualit\u00e0 di professionisti,&hellip;<\/p>\n","protected":false},"author":1,"featured_media":0,"parent":0,"menu_order":0,"comment_status":"closed","ping_status":"closed","template":"","meta":{"_acf_changed":false,"footnotes":""},"class_list":["post-605","page","type-page","status-publish","hentry"],"acf":[],"yoast_head":"<!-- This site is optimized with the Yoast SEO plugin v27.5 - https:\/\/yoast.com\/product\/yoast-seo-wordpress\/ -->\n<title>Point of Fire, sempre un buon consiglio - Point of Fire<\/title>\n<meta name=\"description\" content=\"Discussioni accese davanti alla stufa? Qui, nelle fiamme del \u00abPoint of Fire\u00bb fornire consulenza pu\u00f2 essere impegnativo. Come convincere i clienti del funzionamento ottimale del loro piccolo impianto a legna? Seguite i consigli dei vostri colleghi.\" \/>\n<meta name=\"robots\" content=\"index, follow, max-snippet:-1, max-image-preview:large, max-video-preview:-1\" \/>\n<link rel=\"canonical\" href=\"https:\/\/point-of-fire.ch\/it\/\" \/>\n<meta property=\"og:locale\" content=\"it_IT\" \/>\n<meta property=\"og:type\" content=\"article\" \/>\n<meta property=\"og:title\" content=\"Point of Fire, sempre un buon consiglio\" \/>\n<meta property=\"og:description\" content=\"Discussioni accese davanti alla stufa? Qui, nelle fiamme del \u00abPoint of Fire\u00bb fornire consulenza pu\u00f2 essere impegnativo. Come convincere i clienti del funzionamento ottimale del loro piccolo impianto a legna? Seguite i consigli dei vostri colleghi.\" \/>\n<meta property=\"og:url\" content=\"https:\/\/point-of-fire.ch\/it\/\" \/>\n<meta property=\"og:site_name\" content=\"Point of Fire\" \/>\n<meta property=\"article:modified_time\" content=\"2021-05-27T19:47:04+00:00\" \/>\n<meta property=\"og:image\" content=\"https:\/\/point-of-fire.ch\/wp-content\/uploads\/2019\/11\/KeyVisual_SoMe_Pointoffire_IT.png\" \/>\n\t<meta property=\"og:image:width\" content=\"1200\" \/>\n\t<meta property=\"og:image:height\" content=\"600\" \/>\n\t<meta property=\"og:image:type\" content=\"image\/png\" \/>\n<meta name=\"twitter:card\" content=\"summary_large_image\" \/>\n<meta name=\"twitter:title\" content=\"Point of Fire, sempre un buon consiglio\" \/>\n<meta name=\"twitter:description\" content=\"Discussioni accese davanti alla stufa? Qui, nelle fiamme del \u00abPoint of Fire\u00bb fornire consulenza pu\u00f2 essere impegnativo. Come convincere i clienti del funzionamento ottimale del loro piccolo impianto a legna? Seguite i consigli dei vostri colleghi.\" \/>\n<meta name=\"twitter:image\" content=\"https:\/\/point-of-fire.ch\/wp-content\/uploads\/2019\/11\/KeyVisual_SoMe_Pointoffire_IT.png\" \/>\n<meta name=\"twitter:label1\" content=\"Tempo di lettura stimato\" \/>\n\t<meta name=\"twitter:data1\" content=\"2 minuti\" \/>\n<script type=\"application\/ld+json\" class=\"yoast-schema-graph\">{\"@context\":\"https:\\\/\\\/schema.org\",\"@graph\":[{\"@type\":\"WebPage\",\"@id\":\"https:\\\/\\\/point-of-fire.ch\\\/it\\\/\",\"url\":\"https:\\\/\\\/point-of-fire.ch\\\/it\\\/\",\"name\":\"Point of Fire, sempre un buon consiglio - Point of Fire\",\"isPartOf\":{\"@id\":\"https:\\\/\\\/point-of-fire.ch\\\/it\\\/#website\"},\"primaryImageOfPage\":{\"@id\":\"https:\\\/\\\/point-of-fire.ch\\\/it\\\/#primaryimage\"},\"image\":{\"@id\":\"https:\\\/\\\/point-of-fire.ch\\\/it\\\/#primaryimage\"},\"thumbnailUrl\":\"https:\\\/\\\/point-of-fire.ch\\\/wp-content\\\/uploads\\\/2019\\\/08\\\/Logo_Point_of_Fire.svg\",\"datePublished\":\"2019-08-16T13:41:41+00:00\",\"dateModified\":\"2021-05-27T19:47:04+00:00\",\"description\":\"Discussioni accese davanti alla stufa? Qui, nelle fiamme del \u00abPoint of Fire\u00bb fornire consulenza pu\u00f2 essere impegnativo. Come convincere i clienti del funzionamento ottimale del loro piccolo impianto a legna? Seguite i consigli dei vostri colleghi.\",\"breadcrumb\":{\"@id\":\"https:\\\/\\\/point-of-fire.ch\\\/it\\\/#breadcrumb\"},\"inLanguage\":\"it-IT\",\"potentialAction\":[{\"@type\":\"ReadAction\",\"target\":[\"https:\\\/\\\/point-of-fire.ch\\\/it\\\/\"]}]},{\"@type\":\"ImageObject\",\"inLanguage\":\"it-IT\",\"@id\":\"https:\\\/\\\/point-of-fire.ch\\\/it\\\/#primaryimage\",\"url\":\"https:\\\/\\\/point-of-fire.ch\\\/wp-content\\\/uploads\\\/2019\\\/08\\\/Logo_Point_of_Fire.svg\",\"contentUrl\":\"https:\\\/\\\/point-of-fire.ch\\\/wp-content\\\/uploads\\\/2019\\\/08\\\/Logo_Point_of_Fire.svg\"},{\"@type\":\"BreadcrumbList\",\"@id\":\"https:\\\/\\\/point-of-fire.ch\\\/it\\\/#breadcrumb\",\"itemListElement\":[{\"@type\":\"ListItem\",\"position\":1,\"name\":\"Startseite\",\"item\":\"https:\\\/\\\/point-of-fire.ch\\\/it\\\/\"},{\"@type\":\"ListItem\",\"position\":2,\"name\":\"Point of Fire, sempre un buon consiglio\"}]},{\"@type\":\"WebSite\",\"@id\":\"https:\\\/\\\/point-of-fire.ch\\\/it\\\/#website\",\"url\":\"https:\\\/\\\/point-of-fire.ch\\\/it\\\/\",\"name\":\"Point of Fire\",\"description\":\"Eine weitere WordPress-Website\",\"publisher\":{\"@id\":\"https:\\\/\\\/point-of-fire.ch\\\/it\\\/#organization\"},\"potentialAction\":[{\"@type\":\"SearchAction\",\"target\":{\"@type\":\"EntryPoint\",\"urlTemplate\":\"https:\\\/\\\/point-of-fire.ch\\\/it\\\/?s={search_term_string}\"},\"query-input\":{\"@type\":\"PropertyValueSpecification\",\"valueRequired\":true,\"valueName\":\"search_term_string\"}}],\"inLanguage\":\"it-IT\"},{\"@type\":\"Organization\",\"@id\":\"https:\\\/\\\/point-of-fire.ch\\\/it\\\/#organization\",\"name\":\"Point of Fire\",\"url\":\"https:\\\/\\\/point-of-fire.ch\\\/it\\\/\",\"logo\":{\"@type\":\"ImageObject\",\"inLanguage\":\"it-IT\",\"@id\":\"https:\\\/\\\/point-of-fire.ch\\\/it\\\/#\\\/schema\\\/logo\\\/image\\\/\",\"url\":\"https:\\\/\\\/point-of-fire.ch\\\/wp-content\\\/uploads\\\/2019\\\/08\\\/Logo_Point_of_Fire.svg\",\"contentUrl\":\"https:\\\/\\\/point-of-fire.ch\\\/wp-content\\\/uploads\\\/2019\\\/08\\\/Logo_Point_of_Fire.svg\",\"width\":1,\"height\":1,\"caption\":\"Point of Fire\"},\"image\":{\"@id\":\"https:\\\/\\\/point-of-fire.ch\\\/it\\\/#\\\/schema\\\/logo\\\/image\\\/\"}}]}<\/script>\n<!-- \/ Yoast SEO plugin. -->","yoast_head_json":{"title":"Point of Fire, sempre un buon consiglio - Point of Fire","description":"Discussioni accese davanti alla stufa? Qui, nelle fiamme del \u00abPoint of Fire\u00bb fornire consulenza pu\u00f2 essere impegnativo. Come convincere i clienti del funzionamento ottimale del loro piccolo impianto a legna? Seguite i consigli dei vostri colleghi.","robots":{"index":"index","follow":"follow","max-snippet":"max-snippet:-1","max-image-preview":"max-image-preview:large","max-video-preview":"max-video-preview:-1"},"canonical":"https:\/\/point-of-fire.ch\/it\/","og_locale":"it_IT","og_type":"article","og_title":"Point of Fire, sempre un buon consiglio","og_description":"Discussioni accese davanti alla stufa? Qui, nelle fiamme del \u00abPoint of Fire\u00bb fornire consulenza pu\u00f2 essere impegnativo. Come convincere i clienti del funzionamento ottimale del loro piccolo impianto a legna? Seguite i consigli dei vostri colleghi.","og_url":"https:\/\/point-of-fire.ch\/it\/","og_site_name":"Point of Fire","article_modified_time":"2021-05-27T19:47:04+00:00","og_image":[{"width":1200,"height":600,"url":"https:\/\/point-of-fire.ch\/wp-content\/uploads\/2019\/11\/KeyVisual_SoMe_Pointoffire_IT.png","type":"image\/png"}],"twitter_card":"summary_large_image","twitter_title":"Point of Fire, sempre un buon consiglio","twitter_description":"Discussioni accese davanti alla stufa? Qui, nelle fiamme del \u00abPoint of Fire\u00bb fornire consulenza pu\u00f2 essere impegnativo. Come convincere i clienti del funzionamento ottimale del loro piccolo impianto a legna? Seguite i consigli dei vostri colleghi.","twitter_image":"https:\/\/point-of-fire.ch\/wp-content\/uploads\/2019\/11\/KeyVisual_SoMe_Pointoffire_IT.png","twitter_misc":{"Tempo di lettura stimato":"2 minuti"},"schema":{"@context":"https:\/\/schema.org","@graph":[{"@type":"WebPage","@id":"https:\/\/point-of-fire.ch\/it\/","url":"https:\/\/point-of-fire.ch\/it\/","name":"Point of Fire, sempre un buon consiglio - Point of Fire","isPartOf":{"@id":"https:\/\/point-of-fire.ch\/it\/#website"},"primaryImageOfPage":{"@id":"https:\/\/point-of-fire.ch\/it\/#primaryimage"},"image":{"@id":"https:\/\/point-of-fire.ch\/it\/#primaryimage"},"thumbnailUrl":"https:\/\/point-of-fire.ch\/wp-content\/uploads\/2019\/08\/Logo_Point_of_Fire.svg","datePublished":"2019-08-16T13:41:41+00:00","dateModified":"2021-05-27T19:47:04+00:00","description":"Discussioni accese davanti alla stufa? Qui, nelle fiamme del \u00abPoint of Fire\u00bb fornire consulenza pu\u00f2 essere impegnativo. Come convincere i clienti del funzionamento ottimale del loro piccolo impianto a legna? Seguite i consigli dei vostri colleghi.","breadcrumb":{"@id":"https:\/\/point-of-fire.ch\/it\/#breadcrumb"},"inLanguage":"it-IT","potentialAction":[{"@type":"ReadAction","target":["https:\/\/point-of-fire.ch\/it\/"]}]},{"@type":"ImageObject","inLanguage":"it-IT","@id":"https:\/\/point-of-fire.ch\/it\/#primaryimage","url":"https:\/\/point-of-fire.ch\/wp-content\/uploads\/2019\/08\/Logo_Point_of_Fire.svg","contentUrl":"https:\/\/point-of-fire.ch\/wp-content\/uploads\/2019\/08\/Logo_Point_of_Fire.svg"},{"@type":"BreadcrumbList","@id":"https:\/\/point-of-fire.ch\/it\/#breadcrumb","itemListElement":[{"@type":"ListItem","position":1,"name":"Startseite","item":"https:\/\/point-of-fire.ch\/it\/"},{"@type":"ListItem","position":2,"name":"Point of Fire, sempre un buon consiglio"}]},{"@type":"WebSite","@id":"https:\/\/point-of-fire.ch\/it\/#website","url":"https:\/\/point-of-fire.ch\/it\/","name":"Point of Fire","description":"Eine weitere WordPress-Website","publisher":{"@id":"https:\/\/point-of-fire.ch\/it\/#organization"},"potentialAction":[{"@type":"SearchAction","target":{"@type":"EntryPoint","urlTemplate":"https:\/\/point-of-fire.ch\/it\/?s={search_term_string}"},"query-input":{"@type":"PropertyValueSpecification","valueRequired":true,"valueName":"search_term_string"}}],"inLanguage":"it-IT"},{"@type":"Organization","@id":"https:\/\/point-of-fire.ch\/it\/#organization","name":"Point of Fire","url":"https:\/\/point-of-fire.ch\/it\/","logo":{"@type":"ImageObject","inLanguage":"it-IT","@id":"https:\/\/point-of-fire.ch\/it\/#\/schema\/logo\/image\/","url":"https:\/\/point-of-fire.ch\/wp-content\/uploads\/2019\/08\/Logo_Point_of_Fire.svg","contentUrl":"https:\/\/point-of-fire.ch\/wp-content\/uploads\/2019\/08\/Logo_Point_of_Fire.svg","width":1,"height":1,"caption":"Point of Fire"},"image":{"@id":"https:\/\/point-of-fire.ch\/it\/#\/schema\/logo\/image\/"}}]}},"_links":{"self":[{"href":"https:\/\/point-of-fire.ch\/it\/wp-json\/wp\/v2\/pages\/605","targetHints":{"allow":["GET"]}}],"collection":[{"href":"https:\/\/point-of-fire.ch\/it\/wp-json\/wp\/v2\/pages"}],"about":[{"href":"https:\/\/point-of-fire.ch\/it\/wp-json\/wp\/v2\/types\/page"}],"author":[{"embeddable":true,"href":"https:\/\/point-of-fire.ch\/it\/wp-json\/wp\/v2\/users\/1"}],"replies":[{"embeddable":true,"href":"https:\/\/point-of-fire.ch\/it\/wp-json\/wp\/v2\/comments?post=605"}],"version-history":[{"count":16,"href":"https:\/\/point-of-fire.ch\/it\/wp-json\/wp\/v2\/pages\/605\/revisions"}],"predecessor-version":[{"id":2305,"href":"https:\/\/point-of-fire.ch\/it\/wp-json\/wp\/v2\/pages\/605\/revisions\/2305"}],"wp:attachment":[{"href":"https:\/\/point-of-fire.ch\/it\/wp-json\/wp\/v2\/media?parent=605"}],"curies":[{"name":"wp","href":"https:\/\/api.w.org\/{rel}","templated":true}]}}