{"id":1824,"date":"2019-11-13T14:48:57","date_gmt":"2019-11-13T13:48:57","guid":{"rendered":"https:\/\/point-of-fire.ch\/?page_id=1824"},"modified":"2021-01-26T08:48:03","modified_gmt":"2021-01-26T07:48:03","slug":"di-cosa-si-tratta","status":"publish","type":"page","link":"https:\/\/point-of-fire.ch\/it\/di-cosa-si-tratta\/","title":{"rendered":"Di che si tratta"},"content":{"rendered":"<h1>\n\t\tFumo dannoso\n\t<\/h1>\n<h3>\n\t\tLe sostanze nocive, soprattutto le polveri fini, emesse dai piccoli impianti a legna inquinano l\u2019aria, in determinate condizioni meteo anche pesantemente. I professionisti a contatto diretto con i gestori di simili impianti possono influenzarne il comportamento. Lo scopo \u00e8 rafforzare la consulenza al \u00abPoint of Fire\u00bb. Per un\u2019aria pulita.\n\t<\/h3>\n<h2>\n\t\tOttimo per il clima\n\t<\/h2>\n\tGli impianti a legna sono clima-compatibili ma<br \/>\npossono anche produrre molte emissioni.\n<h3>\n\t\tPolveri fini <br>nell\u2019aria\n\t<\/h3>\n\t<p>Gli esperti definiscono polveri fini le particelle di polvere con un diametro inferiore a 10 micrometri (PM 10) o inferiore a 2,5 (PM\u00a02,5).<\/p>\n<p>Le polveri fini hanno un effetto diretto sulle vie respiratorie. A differenza delle particelle pi\u00f9 grandi, il PM 2.5 pu\u00f2 penetrare nelle piccole vie aeree e negli alveoli. Le conseguenze sono molteplici e vanno da disturbi fastidiosi a malattie gravi. Le polveri sottili sono classificate come cancerogene dall&#8217;OMS. Per questo l\u2019OIAt ha definito per tali sostanze nocive dei valori limite d\u2019immissione, i quali nei mesi invernali vengono in parte ancora superati.<\/p>\n<h3>\n\t\tImpianti a legna a bassa emissione di sostanze nocive\n\t<\/h3>\n\t<p>Un provvedimento dell\u2019ordinanza contro l\u2019inquinamento atmosferico (OIAt) revisionata nel 2018 riguarda i piccoli impianti a legna, tra cui stufe, caminetti, cucine a legna ecc. se utilizzati periodicamente occorre un controllo visivo ogni due anni da parte di esperti. L\u2019utilizzo scorretto di simili impianti pu\u00f2 generare notevoli quantit\u00e0 di inquinanti atmosferici. La competenza per i controlli \u00e8 dei Cantoni ovvero dei Comuni: molti hanno gi\u00e0 provveduto all\u2019attuazione, mentre altri stanno passando solo ora alla fase esecutiva.<\/p>\n<h2>\n\t\tUn cocktail di sostanze nocive nell\u2019aria invernale\n\t<\/h2>\n\t<p>Soprattutto in inverno, con l\u2019inversione termica, le emissioni nocive oltrepassano in molte localit\u00e0 di gran lunga i valori limite. A ci\u00f2 contribuiscono i trasporti, i riscaldamenti a gasolio e gli impianti a legna. <a href=\"https:\/\/feinstaub.ch\/it\/\" target=\"_blank\" rel=\"noopener noreferrer\">Mappa della concentrazione attuale.<\/a><\/p>\n\t\t\t\t<img loading=\"lazy\" decoding=\"async\" src=\"https:\/\/point-of-fire.ch\/wp-content\/uploads\/2019\/11\/Schadenbild_Jonas_Wieland_BlickaufSarnersee_Winterhalbjahr_20161201_091312.jpg\" alt=\"Vista sul lago di Sarnen con inquinamento visibile nel semestre invernale &lt;br&gt;\n\u00a9 Jonas Wieland\" itemprop=\"image\" height=\"1368\" width=\"2000\" title=\"Schadenbild_Jonas_Wieland_BlickaufSarnersee_Winterhalbjahr_20161201_091312\" onerror=\"this.style.display='none'\"  \/>\n\t\tVista sul lago di Sarnen con inquinamento visibile nel semestre invernale <br>\n\u00a9 Jonas Wieland\n<h2>\n\t\tConsulenza e non solo controllo\n\t<\/h2>\n\t<p>In collaborazione con i Cantoni e le associazioni professionali, l\u2019Ufficio federale dell\u2019ambiente (UFAM) ha individuato nei controllori di impianti a combustione, spazzacamini e installatori le figure chiave per la consulenza ai gestori di piccoli impianti a legna. Qui i professionisti del settore imparano gli uni dagli altri come realizzare una consulenza efficace.<\/p>\n\t\t\t\t<img loading=\"lazy\" decoding=\"async\" src=\"https:\/\/point-of-fire.ch\/wp-content\/uploads\/2019\/11\/Beratungssituation_1.jpg\" alt=\"Un omaggio al cliente per una combustione ottimale dall'alto favorisce un positivo ingresso nella conversazione\" itemprop=\"image\" height=\"1333\" width=\"2000\" title=\"Beratungssituation_1\" onerror=\"this.style.display='none'\"  \/>\n\t\tUn omaggio al cliente per una combustione ottimale dall&#8217;alto favorisce un positivo ingresso nella conversazione\n\t\t\t\t<img loading=\"lazy\" decoding=\"async\" src=\"https:\/\/point-of-fire.ch\/wp-content\/uploads\/2019\/11\/Beratungssituation_2.jpg\" alt=\"Il contatto diretto con il cliente \u00e8 l'occasione per un colloquio di consulenza presso il &quot;Point of Fire&quot;, proprio l\u00e0 dove \u00e8 necessario intervenire.\" itemprop=\"image\" height=\"1333\" width=\"2000\" title=\"Beratungssituation_2\" onerror=\"this.style.display='none'\"  \/>\n\t\tIl contatto diretto con il cliente \u00e8 l&#8217;occasione per un colloquio di consulenza presso il &#8220;Point of Fire&#8221;, proprio l\u00e0 dove \u00e8 necessario intervenire.\n<h3>\n\t\tEffetti dell&#8217;inquinamento atmosferico sulla salute\n\t<\/h3>\n\tL\u2019inquinamento atmosferico \u00e8 una causa accertata di affezioni e decessi prematuri.<br \/>\nA ogni nostro respiro, gas come il diossido di azoto e l&#8217;ozono come pure migliaia di particelle fini entrano nelle nostre vie respiratorie e penetrano nei polmoni. Questi inquinanti vengono immagazzinati nei bronchi e negli alveoli, dove, a breve o a lungo termine, possono produrre effetti nocivi sulla salute.\n<p>Su questo tema, il Centro di documentazione sull&#8217;inquinamento atmosferico e la salute LUDOK ha raccolto gli effetti sulla salute dei pi\u00f9 importanti inquinanti dell&#8217;aria e li ha rappresentati in <a href=\"https:\/\/www.swisstph.ch\/en\/projects\/ludok\/effetti-sulla-salute\/\" target=\"_blank\" rel=\"noopener noreferrer\">una grafica interattiva<\/a>.<\/p>\n\t\t\t\t<a href=\"https:\/\/www.swisstph.ch\/en\/projects\/ludok\/effetti-sulla-salute\/\" target=\"_blank\" rel=\"noopener noreferrer\" itemprop=\"url\">\n\t\t\t\t<img loading=\"lazy\" decoding=\"async\" src=\"https:\/\/point-of-fire.ch\/wp-content\/uploads\/2021\/01\/Interaktive-Karte_hoch_it.png\" alt=\"Interaktive-Karte_hoch_it\" itemprop=\"image\" height=\"1155\" width=\"1000\" title=\"Interaktive-Karte_hoch_it\" onerror=\"this.style.display='none'\"  \/>\n\t\t\t\t<\/a>\n<h2>\n\t\tPartner di cooperazione\n\t<\/h2>\n\t<p>La campagna \u00e8 sostenuta dalle seguenti organizzazioni:<\/p>\n\t\t\t\t<a href=\"https:\/\/www.bafu.admin.ch\/bafu\/it\/home.html\" target=\"_blank\" rel=\"noopener noreferrer\" itemprop=\"url\">\n\t\t\t\t<img loading=\"lazy\" decoding=\"async\" src=\"https:\/\/point-of-fire.ch\/wp-content\/uploads\/2019\/11\/BAFU_Logo_I.png\" alt=\"BAFU_Logo_I\" itemprop=\"image\" height=\"293\" width=\"800\" title=\"BAFU_Logo_I\" onerror=\"this.style.display='none'\"  \/>\n\t\t\t\t<\/a>\n\t\t\t\t<a href=\"https:\/\/www.kaminfeger.ch\/it\" target=\"_blank\" rel=\"noopener noreferrer\" itemprop=\"url\">\n\t\t\t\t<img loading=\"lazy\" decoding=\"async\" src=\"https:\/\/point-of-fire.ch\/wp-content\/uploads\/2019\/11\/SKMV-Logo.png\" alt=\"SKMV-Logo\" itemprop=\"image\" height=\"260\" width=\"673\" title=\"SKMV-Logo\" onerror=\"this.style.display='none'\"  \/>\n\t\t\t\t<\/a>\n\t\t\t\t<a href=\"https:\/\/www.feusuisse.ch\/home\" target=\"_blank\" rel=\"noopener noreferrer\" itemprop=\"url\">\n\t\t\t\t<img loading=\"lazy\" decoding=\"async\" src=\"https:\/\/point-of-fire.ch\/wp-content\/uploads\/2019\/11\/feusuisse_de_cmyk.png\" alt=\"feusuisse_de_cmyk\" itemprop=\"image\" height=\"351\" width=\"800\" title=\"feusuisse_de_cmyk\" onerror=\"this.style.display='none'\"  \/>\n\t\t\t\t<\/a>\n\t\t\t\t<a href=\"http:\/\/vsfk.ch\/\" target=\"_blank\" rel=\"noopener noreferrer\" itemprop=\"url\">\n\t\t\t\t<img loading=\"lazy\" decoding=\"async\" src=\"https:\/\/point-of-fire.ch\/wp-content\/uploads\/2019\/11\/VSFK-Logo.png\" alt=\"VSFK-Logo\" itemprop=\"image\" height=\"1228\" width=\"800\" title=\"VSFK-Logo\" onerror=\"this.style.display='none'\"  \/>\n\t\t\t\t<\/a>\n","protected":false},"excerpt":{"rendered":"<p>Fumo dannoso Le sostanze nocive, soprattutto le polveri fini, emesse dai piccoli impianti a legna inquinano l\u2019aria, in determinate condizioni meteo anche pesantemente. I professionisti a contatto diretto con i gestori di simili impianti possono influenzarne il comportamento. Lo scopo \u00e8 rafforzare la consulenza al \u00abPoint of Fire\u00bb. Per un\u2019aria pulita. Ottimo per il clima&hellip;<\/p>\n","protected":false},"author":1,"featured_media":0,"parent":0,"menu_order":0,"comment_status":"closed","ping_status":"closed","template":"","meta":{"_acf_changed":false,"footnotes":""},"class_list":["post-1824","page","type-page","status-publish","hentry"],"acf":[],"yoast_head":"<!-- This site is optimized with the Yoast SEO plugin v27.4 - https:\/\/yoast.com\/product\/yoast-seo-wordpress\/ -->\n<title>Fumo dannoso - Point of Fire<\/title>\n<meta name=\"description\" content=\"Le sostanze nocive, soprattutto le polveri fini, emesse dai piccoli impianti a legna inquinano l\u2019aria, in determinate condizioni meteo anche pesantemente. I professionisti a contatto diretto con i gestori di simili impianti possono influenzarne il comportamento. Lo scopo \u00e8 rafforzare la consulenza al \u00abPoint of Fire\u00bb. Per un\u2019aria pulita.\" \/>\n<meta name=\"robots\" content=\"index, follow, max-snippet:-1, max-image-preview:large, max-video-preview:-1\" \/>\n<link rel=\"canonical\" href=\"https:\/\/point-of-fire.ch\/it\/di-cosa-si-tratta\/\" \/>\n<meta property=\"og:locale\" content=\"it_IT\" \/>\n<meta property=\"og:type\" content=\"article\" \/>\n<meta property=\"og:title\" content=\"Point of Fire, sempre un buon consiglio\" \/>\n<meta property=\"og:description\" content=\"Discussioni accese davanti alla stufa? Qui, nelle fiamme del \u00abPoint of Fire\u00bb fornire consulenza pu\u00f2 essere impegnativo. Come convincere i clienti del funzionamento ottimale del loro piccolo impianto a legna? Seguite i consigli dei vostri colleghi.\" \/>\n<meta property=\"og:url\" content=\"https:\/\/point-of-fire.ch\/it\/di-cosa-si-tratta\/\" \/>\n<meta property=\"og:site_name\" content=\"Point of Fire\" \/>\n<meta property=\"article:modified_time\" content=\"2021-01-26T07:48:03+00:00\" \/>\n<meta property=\"og:image\" content=\"https:\/\/point-of-fire.ch\/wp-content\/uploads\/2019\/11\/KeyVisual_SoMe_Pointoffire_IT.png\" \/>\n\t<meta property=\"og:image:width\" content=\"1200\" \/>\n\t<meta property=\"og:image:height\" content=\"600\" \/>\n\t<meta property=\"og:image:type\" content=\"image\/png\" \/>\n<meta name=\"twitter:card\" content=\"summary_large_image\" \/>\n<meta name=\"twitter:title\" content=\"Point of Fire, sempre un buon consiglio\" \/>\n<meta name=\"twitter:description\" content=\"Discussioni accese davanti alla stufa? Qui, nelle fiamme del \u00abPoint of Fire\u00bb fornire consulenza pu\u00f2 essere impegnativo. Come convincere i clienti del funzionamento ottimale del loro piccolo impianto a legna? Seguite i consigli dei vostri colleghi.\" \/>\n<meta name=\"twitter:image\" content=\"https:\/\/point-of-fire.ch\/wp-content\/uploads\/2019\/11\/KeyVisual_SoMe_Pointoffire_IT.png\" \/>\n<meta name=\"twitter:label1\" content=\"Tempo di lettura stimato\" \/>\n\t<meta name=\"twitter:data1\" content=\"3 minuti\" \/>\n<script type=\"application\/ld+json\" class=\"yoast-schema-graph\">{\"@context\":\"https:\\\/\\\/schema.org\",\"@graph\":[{\"@type\":\"WebPage\",\"@id\":\"https:\\\/\\\/point-of-fire.ch\\\/it\\\/di-cosa-si-tratta\\\/\",\"url\":\"https:\\\/\\\/point-of-fire.ch\\\/it\\\/di-cosa-si-tratta\\\/\",\"name\":\"Fumo dannoso - Point of Fire\",\"isPartOf\":{\"@id\":\"https:\\\/\\\/point-of-fire.ch\\\/it\\\/#website\"},\"primaryImageOfPage\":{\"@id\":\"https:\\\/\\\/point-of-fire.ch\\\/it\\\/di-cosa-si-tratta\\\/#primaryimage\"},\"image\":{\"@id\":\"https:\\\/\\\/point-of-fire.ch\\\/it\\\/di-cosa-si-tratta\\\/#primaryimage\"},\"thumbnailUrl\":\"https:\\\/\\\/point-of-fire.ch\\\/wp-content\\\/uploads\\\/2019\\\/11\\\/Schadenbild_Jonas_Wieland_BlickaufSarnersee_Winterhalbjahr_20161201_091312.jpg\",\"datePublished\":\"2019-11-13T13:48:57+00:00\",\"dateModified\":\"2021-01-26T07:48:03+00:00\",\"description\":\"Le sostanze nocive, soprattutto le polveri fini, emesse dai piccoli impianti a legna inquinano l\u2019aria, in determinate condizioni meteo anche pesantemente. I professionisti a contatto diretto con i gestori di simili impianti possono influenzarne il comportamento. Lo scopo \u00e8 rafforzare la consulenza al \u00abPoint of Fire\u00bb. Per un\u2019aria pulita.\",\"breadcrumb\":{\"@id\":\"https:\\\/\\\/point-of-fire.ch\\\/it\\\/di-cosa-si-tratta\\\/#breadcrumb\"},\"inLanguage\":\"it-IT\",\"potentialAction\":[{\"@type\":\"ReadAction\",\"target\":[\"https:\\\/\\\/point-of-fire.ch\\\/it\\\/di-cosa-si-tratta\\\/\"]}]},{\"@type\":\"ImageObject\",\"inLanguage\":\"it-IT\",\"@id\":\"https:\\\/\\\/point-of-fire.ch\\\/it\\\/di-cosa-si-tratta\\\/#primaryimage\",\"url\":\"https:\\\/\\\/point-of-fire.ch\\\/wp-content\\\/uploads\\\/2019\\\/11\\\/Schadenbild_Jonas_Wieland_BlickaufSarnersee_Winterhalbjahr_20161201_091312.jpg\",\"contentUrl\":\"https:\\\/\\\/point-of-fire.ch\\\/wp-content\\\/uploads\\\/2019\\\/11\\\/Schadenbild_Jonas_Wieland_BlickaufSarnersee_Winterhalbjahr_20161201_091312.jpg\"},{\"@type\":\"BreadcrumbList\",\"@id\":\"https:\\\/\\\/point-of-fire.ch\\\/it\\\/di-cosa-si-tratta\\\/#breadcrumb\",\"itemListElement\":[{\"@type\":\"ListItem\",\"position\":1,\"name\":\"Startseite\",\"item\":\"https:\\\/\\\/point-of-fire.ch\\\/it\\\/\"},{\"@type\":\"ListItem\",\"position\":2,\"name\":\"Di che si tratta\"}]},{\"@type\":\"WebSite\",\"@id\":\"https:\\\/\\\/point-of-fire.ch\\\/it\\\/#website\",\"url\":\"https:\\\/\\\/point-of-fire.ch\\\/it\\\/\",\"name\":\"Point of Fire\",\"description\":\"Eine weitere WordPress-Website\",\"publisher\":{\"@id\":\"https:\\\/\\\/point-of-fire.ch\\\/it\\\/#organization\"},\"potentialAction\":[{\"@type\":\"SearchAction\",\"target\":{\"@type\":\"EntryPoint\",\"urlTemplate\":\"https:\\\/\\\/point-of-fire.ch\\\/it\\\/?s={search_term_string}\"},\"query-input\":{\"@type\":\"PropertyValueSpecification\",\"valueRequired\":true,\"valueName\":\"search_term_string\"}}],\"inLanguage\":\"it-IT\"},{\"@type\":\"Organization\",\"@id\":\"https:\\\/\\\/point-of-fire.ch\\\/it\\\/#organization\",\"name\":\"Point of Fire\",\"url\":\"https:\\\/\\\/point-of-fire.ch\\\/it\\\/\",\"logo\":{\"@type\":\"ImageObject\",\"inLanguage\":\"it-IT\",\"@id\":\"https:\\\/\\\/point-of-fire.ch\\\/it\\\/#\\\/schema\\\/logo\\\/image\\\/\",\"url\":\"https:\\\/\\\/point-of-fire.ch\\\/wp-content\\\/uploads\\\/2019\\\/08\\\/Logo_Point_of_Fire.svg\",\"contentUrl\":\"https:\\\/\\\/point-of-fire.ch\\\/wp-content\\\/uploads\\\/2019\\\/08\\\/Logo_Point_of_Fire.svg\",\"width\":1,\"height\":1,\"caption\":\"Point of Fire\"},\"image\":{\"@id\":\"https:\\\/\\\/point-of-fire.ch\\\/it\\\/#\\\/schema\\\/logo\\\/image\\\/\"}}]}<\/script>\n<!-- \/ Yoast SEO plugin. -->","yoast_head_json":{"title":"Fumo dannoso - Point of Fire","description":"Le sostanze nocive, soprattutto le polveri fini, emesse dai piccoli impianti a legna inquinano l\u2019aria, in determinate condizioni meteo anche pesantemente. I professionisti a contatto diretto con i gestori di simili impianti possono influenzarne il comportamento. Lo scopo \u00e8 rafforzare la consulenza al \u00abPoint of Fire\u00bb. Per un\u2019aria pulita.","robots":{"index":"index","follow":"follow","max-snippet":"max-snippet:-1","max-image-preview":"max-image-preview:large","max-video-preview":"max-video-preview:-1"},"canonical":"https:\/\/point-of-fire.ch\/it\/di-cosa-si-tratta\/","og_locale":"it_IT","og_type":"article","og_title":"Point of Fire, sempre un buon consiglio","og_description":"Discussioni accese davanti alla stufa? Qui, nelle fiamme del \u00abPoint of Fire\u00bb fornire consulenza pu\u00f2 essere impegnativo. Come convincere i clienti del funzionamento ottimale del loro piccolo impianto a legna? Seguite i consigli dei vostri colleghi.","og_url":"https:\/\/point-of-fire.ch\/it\/di-cosa-si-tratta\/","og_site_name":"Point of Fire","article_modified_time":"2021-01-26T07:48:03+00:00","og_image":[{"width":1200,"height":600,"url":"https:\/\/point-of-fire.ch\/wp-content\/uploads\/2019\/11\/KeyVisual_SoMe_Pointoffire_IT.png","type":"image\/png"}],"twitter_card":"summary_large_image","twitter_title":"Point of Fire, sempre un buon consiglio","twitter_description":"Discussioni accese davanti alla stufa? Qui, nelle fiamme del \u00abPoint of Fire\u00bb fornire consulenza pu\u00f2 essere impegnativo. Come convincere i clienti del funzionamento ottimale del loro piccolo impianto a legna? Seguite i consigli dei vostri colleghi.","twitter_image":"https:\/\/point-of-fire.ch\/wp-content\/uploads\/2019\/11\/KeyVisual_SoMe_Pointoffire_IT.png","twitter_misc":{"Tempo di lettura stimato":"3 minuti"},"schema":{"@context":"https:\/\/schema.org","@graph":[{"@type":"WebPage","@id":"https:\/\/point-of-fire.ch\/it\/di-cosa-si-tratta\/","url":"https:\/\/point-of-fire.ch\/it\/di-cosa-si-tratta\/","name":"Fumo dannoso - Point of Fire","isPartOf":{"@id":"https:\/\/point-of-fire.ch\/it\/#website"},"primaryImageOfPage":{"@id":"https:\/\/point-of-fire.ch\/it\/di-cosa-si-tratta\/#primaryimage"},"image":{"@id":"https:\/\/point-of-fire.ch\/it\/di-cosa-si-tratta\/#primaryimage"},"thumbnailUrl":"https:\/\/point-of-fire.ch\/wp-content\/uploads\/2019\/11\/Schadenbild_Jonas_Wieland_BlickaufSarnersee_Winterhalbjahr_20161201_091312.jpg","datePublished":"2019-11-13T13:48:57+00:00","dateModified":"2021-01-26T07:48:03+00:00","description":"Le sostanze nocive, soprattutto le polveri fini, emesse dai piccoli impianti a legna inquinano l\u2019aria, in determinate condizioni meteo anche pesantemente. I professionisti a contatto diretto con i gestori di simili impianti possono influenzarne il comportamento. Lo scopo \u00e8 rafforzare la consulenza al \u00abPoint of Fire\u00bb. Per un\u2019aria pulita.","breadcrumb":{"@id":"https:\/\/point-of-fire.ch\/it\/di-cosa-si-tratta\/#breadcrumb"},"inLanguage":"it-IT","potentialAction":[{"@type":"ReadAction","target":["https:\/\/point-of-fire.ch\/it\/di-cosa-si-tratta\/"]}]},{"@type":"ImageObject","inLanguage":"it-IT","@id":"https:\/\/point-of-fire.ch\/it\/di-cosa-si-tratta\/#primaryimage","url":"https:\/\/point-of-fire.ch\/wp-content\/uploads\/2019\/11\/Schadenbild_Jonas_Wieland_BlickaufSarnersee_Winterhalbjahr_20161201_091312.jpg","contentUrl":"https:\/\/point-of-fire.ch\/wp-content\/uploads\/2019\/11\/Schadenbild_Jonas_Wieland_BlickaufSarnersee_Winterhalbjahr_20161201_091312.jpg"},{"@type":"BreadcrumbList","@id":"https:\/\/point-of-fire.ch\/it\/di-cosa-si-tratta\/#breadcrumb","itemListElement":[{"@type":"ListItem","position":1,"name":"Startseite","item":"https:\/\/point-of-fire.ch\/it\/"},{"@type":"ListItem","position":2,"name":"Di che si tratta"}]},{"@type":"WebSite","@id":"https:\/\/point-of-fire.ch\/it\/#website","url":"https:\/\/point-of-fire.ch\/it\/","name":"Point of Fire","description":"Eine weitere WordPress-Website","publisher":{"@id":"https:\/\/point-of-fire.ch\/it\/#organization"},"potentialAction":[{"@type":"SearchAction","target":{"@type":"EntryPoint","urlTemplate":"https:\/\/point-of-fire.ch\/it\/?s={search_term_string}"},"query-input":{"@type":"PropertyValueSpecification","valueRequired":true,"valueName":"search_term_string"}}],"inLanguage":"it-IT"},{"@type":"Organization","@id":"https:\/\/point-of-fire.ch\/it\/#organization","name":"Point of Fire","url":"https:\/\/point-of-fire.ch\/it\/","logo":{"@type":"ImageObject","inLanguage":"it-IT","@id":"https:\/\/point-of-fire.ch\/it\/#\/schema\/logo\/image\/","url":"https:\/\/point-of-fire.ch\/wp-content\/uploads\/2019\/08\/Logo_Point_of_Fire.svg","contentUrl":"https:\/\/point-of-fire.ch\/wp-content\/uploads\/2019\/08\/Logo_Point_of_Fire.svg","width":1,"height":1,"caption":"Point of Fire"},"image":{"@id":"https:\/\/point-of-fire.ch\/it\/#\/schema\/logo\/image\/"}}]}},"_links":{"self":[{"href":"https:\/\/point-of-fire.ch\/it\/wp-json\/wp\/v2\/pages\/1824","targetHints":{"allow":["GET"]}}],"collection":[{"href":"https:\/\/point-of-fire.ch\/it\/wp-json\/wp\/v2\/pages"}],"about":[{"href":"https:\/\/point-of-fire.ch\/it\/wp-json\/wp\/v2\/types\/page"}],"author":[{"embeddable":true,"href":"https:\/\/point-of-fire.ch\/it\/wp-json\/wp\/v2\/users\/1"}],"replies":[{"embeddable":true,"href":"https:\/\/point-of-fire.ch\/it\/wp-json\/wp\/v2\/comments?post=1824"}],"version-history":[{"count":14,"href":"https:\/\/point-of-fire.ch\/it\/wp-json\/wp\/v2\/pages\/1824\/revisions"}],"predecessor-version":[{"id":2250,"href":"https:\/\/point-of-fire.ch\/it\/wp-json\/wp\/v2\/pages\/1824\/revisions\/2250"}],"wp:attachment":[{"href":"https:\/\/point-of-fire.ch\/it\/wp-json\/wp\/v2\/media?parent=1824"}],"curies":[{"name":"wp","href":"https:\/\/api.w.org\/{rel}","templated":true}]}}