{"id":959,"date":"2019-10-02T15:48:53","date_gmt":"2019-10-02T13:48:53","guid":{"rendered":"https:\/\/point-of-fire.ch\/?page_id=959"},"modified":"2020-11-18T10:53:34","modified_gmt":"2020-11-18T09:53:34","slug":"maison","status":"publish","type":"page","link":"https:\/\/point-of-fire.ch\/fr\/maison\/","title":{"rendered":"Maison"},"content":{"rendered":"<h1>\n\t\tVous souhaitez agir pour la propret\u00e9 de l\u2019air?\n\t<\/h1>\n<h3>\n\t\tVotre chauffage au bois respecte le climat! Mais si vous ne l\u2019utilisez pas correctement, il d\u00e9gage de nombreuses particules fines sous la forme de suie et de fum\u00e9e. Les causes sont multiples: utilisation de bois mouill\u00e9 ou de trop grosses b\u00fbches, mauvais allumage, apport d\u2019air insuffisant ou encore combustion de mat\u00e9riaux inappropri\u00e9s.\n\t<\/h3>\n<h2>\n\t\tAllumer son feu correctement, un jeu d\u2019enfant?\n\t<\/h2>\n\t<p>Quelque 80% des poussi\u00e8res fines d\u00e9gag\u00e9es par les petits chauffages au bois peuvent \u00eatre \u00e9vit\u00e9es en allumant le feu par le haut. Un jeu d\u2019enfant? Laissez-vous convaincre par la d\u00e9monstration en vid\u00e9o.<\/p>\n\t<iframe loading=\"lazy\" width=\"560\" height=\"315\" src=\"https:\/\/www.youtube.com\/embed\/pCEjBo1qm2M\" frameborder=\"0\" allow=\"accelerometer; autoplay; encrypted-media; gyroscope; picture-in-picture\" allowfullscreen><\/iframe>\n<h2>\n\t\tL\u2019essentiel en bref\n\t<\/h2>\n\t<p>Plus de fum\u00e9e au bout de 15 minutes: en appliquant correctement la m\u00e9thode d\u2019allumage par le haut, le feu ne d\u00e9gage plus de fum\u00e9e au bout de quelques minutes. L\u2019absence de fum\u00e9e et d\u2019odeur sont le signe d\u2019une combustion optimale.<\/p>\n\t\t\t\t<img loading=\"lazy\" decoding=\"async\" src=\"https:\/\/point-of-fire.ch\/wp-content\/uploads\/2019\/10\/Icon_Betreiberinnen_1.png\" alt=\"Icon_Betreiberinnen_1\" itemprop=\"image\" height=\"256\" width=\"250\" title=\"Icon_Betreiberinnen_1\" onerror=\"this.style.display='none'\"  \/>\n\t<p>Pour br\u00fbler correctement et bien chauffer, le bois \u00e0 l\u2019\u00e9tat naturel et non trait\u00e9 doit \u00eatre sec. Deux ann\u00e9es de stockage sont indispensables pour cela, puis deux journ\u00e9es en int\u00e9rieur avant de le br\u00fbler.<\/p>\n\t\t\t\t<img loading=\"lazy\" decoding=\"async\" src=\"https:\/\/point-of-fire.ch\/wp-content\/uploads\/2019\/10\/Icon_Betreiberinnen_2-1.png\" alt=\"Icon_Betreiberinnen_2\" itemprop=\"image\" height=\"262\" width=\"256\" title=\"Icon_Betreiberinnen_2\" onerror=\"this.style.display='none'\"  \/>\n\t<p>Empilez le bois en croix et placez sur le dessus quatre b\u00fbchettes de sapin avec un allume-feu au milieu. Une allumette, et feu\u00a0!<\/p>\n\t\t\t\t<img loading=\"lazy\" decoding=\"async\" src=\"https:\/\/point-of-fire.ch\/wp-content\/uploads\/2019\/10\/Icon_Betreiberinnen_3.png\" alt=\"Icon_Betreiberinnen_3\" itemprop=\"image\" height=\"262\" width=\"256\" title=\"Icon_Betreiberinnen_3\" onerror=\"this.style.display='none'\"  \/>\n\t<p>Les bois de construction, les palettes, les caisses ou encore les harasses ne doivent pas \u00eatre br\u00fbl\u00e9s, car ils d\u00e9gagent des polluants qui nuisent \u00e0 votre po\u00eale, \u00e0 vos voisins et \u00e0 l\u2019environnement.<\/p>\n\t\t\t\t<img loading=\"lazy\" decoding=\"async\" src=\"https:\/\/point-of-fire.ch\/wp-content\/uploads\/2019\/10\/Icon_Betreiberinnen_4.png\" alt=\"Icon_Betreiberinnen_4\" itemprop=\"image\" height=\"262\" width=\"256\" title=\"Icon_Betreiberinnen_4\" onerror=\"this.style.display='none'\"  \/>\n\t<p>Les journaux, les magazines, les cartons et les emballages doivent faire l\u2019objet d\u2019une \u00e9limination appropri\u00e9e et ne peuvent \u00eatre br\u00fbl\u00e9s, car leur combustion entra\u00eene une pollution de l\u2019air.<\/p>\n<h2>\n\t\tVous souhaitez en savoir plus?\n\t<\/h2>\n\t<p>Les utilisateurs de petits chauffages au bois trouveront dans les liens ci-dessous une mine d\u2019informations sur l\u2019utilisation correcte de leurs appareils. Les professionnels du secteur, tels que les installateurs, les ramoneurs et les contr\u00f4leurs de combustion se tiennent \u00e9galement \u00e0 votre disposition pour toute question concernant le chauffage au bois, l\u2019allumage et le nettoyage.<\/p>\n \t\t\t\t<ahref=\"https:\/\/www.energie-bois.ch\/fileadmin\/user_resources\/06_Shop\/315_AllumageBonDepart_combSuperieur_F.pdf\" target=\"_blank\"><\/a><a href=\"https:\/\/www.energie-bois.ch\/fileadmin\/user_resources\/06_Shop\/315_AllumageBonDepart_combSuperieur_F.pdf\" target=\"_blank\" rel=\"noopener noreferrer\"><\/i>Allumage, le bon de\u0301part!  Chauffages au bois a\u0300 combustion supe\u0301rieure (PDF)<\/a>\n \t\t\t\t<ahref=\"https:\/\/www.vol.be.ch\/vol\/fr\/index\/umwelt\/luftreinhaltung\/tipps_zur_luftreinhaltung\/feuermacher.assetref\/dam\/documents\/VOL\/BECO\/fr\/Luft\/Heizen_Verbrennen\/luft-feuern-rauchfrei-und-luftfreundlich_FR.pdf\" target=\"_blank\"><\/a><a href=\"https:\/\/www.vol.be.ch\/vol\/fr\/index\/umwelt\/luftreinhaltung\/tipps_zur_luftreinhaltung\/feuermacher.assetref\/dam\/documents\/VOL\/BECO\/fr\/Luft\/Heizen_Verbrennen\/luft-feuern-rauchfrei-und-luftfreundlich_FR.pdf\" target=\"_blank\" rel=\"noopener noreferrer\"><\/i>Chemine\u0301es et po\u00eales sue\u0301dois \u2013 sans fume\u0301e et sans pollution (PDF)<\/a>\n \t\t\t\t<ahref=\"https:\/\/www.liguepulmonaire.ch\/fr\/preserver-les-poumons\/projets-et-evenments\/un-allumage-reussi.html\" target=\"_blank\"><\/a><a href=\"https:\/\/www.liguepulmonaire.ch\/fr\/preserver-les-poumons\/projets-et-evenments\/un-allumage-reussi.html\" target=\"_blank\" rel=\"noopener noreferrer\"><\/i>Flirter avec un masque \u00e0 gaz &#8211; un feu bien allum\u00e9 cr\u00e9pite mieux<\/a>\n","protected":false},"excerpt":{"rendered":"<p>Vous souhaitez agir pour la propret\u00e9 de l\u2019air? Votre chauffage au bois respecte le climat! Mais si vous ne l\u2019utilisez pas correctement, il d\u00e9gage de nombreuses particules fines sous la forme de suie et de fum\u00e9e. Les causes sont multiples: utilisation de bois mouill\u00e9 ou de trop grosses b\u00fbches, mauvais allumage, apport d\u2019air insuffisant ou&hellip;<\/p>\n","protected":false},"author":1,"featured_media":0,"parent":0,"menu_order":0,"comment_status":"closed","ping_status":"closed","template":"","meta":{"_acf_changed":false,"footnotes":""},"class_list":["post-959","page","type-page","status-publish","hentry"],"acf":[],"yoast_head":"<!-- This site is optimized with the Yoast SEO plugin v27.4 - https:\/\/yoast.com\/product\/yoast-seo-wordpress\/ -->\n<title>Vous souhaitez agir pour la propret\u00e9 de l\u2019air? - Point of Fire<\/title>\n<meta name=\"description\" content=\"Votre chauffage au bois respecte le climat! Mais si vous ne l\u2019utilisez pas correctement, il d\u00e9gage de nombreuses particules fines sous la forme de suie et de fum\u00e9e. Les causes sont multiples: utilisation de bois mouill\u00e9 ou de trop grosses b\u00fbches, mauvais allumage, apport d\u2019air insuffisant ou encore combustion de mat\u00e9riaux inappropri\u00e9s.\" \/>\n<meta name=\"robots\" content=\"index, follow, max-snippet:-1, max-image-preview:large, max-video-preview:-1\" \/>\n<link rel=\"canonical\" href=\"https:\/\/point-of-fire.ch\/fr\/maison\/\" \/>\n<meta property=\"og:locale\" content=\"fr_FR\" \/>\n<meta property=\"og:type\" content=\"article\" \/>\n<meta property=\"og:title\" content=\"Vous souhaitez agir pour la propret\u00e9 de l\u2019air?\" \/>\n<meta property=\"og:description\" content=\"Votre chauffage au bois respecte le climat! Mais si vous ne l\u2019utilisez pas correctement, il d\u00e9gage de nombreuses particules fines sous la forme de suie et de fum\u00e9e. Les causes sont multiples.\" \/>\n<meta property=\"og:url\" content=\"https:\/\/point-of-fire.ch\/fr\/maison\/\" \/>\n<meta property=\"og:site_name\" content=\"Point of Fire\" \/>\n<meta property=\"article:modified_time\" content=\"2020-11-18T09:53:34+00:00\" \/>\n<meta property=\"og:image\" content=\"https:\/\/point-of-fire.ch\/wp-content\/uploads\/2019\/11\/KeyVisual_SoMe_Pointoffire_FR.png\" \/>\n\t<meta property=\"og:image:width\" content=\"1200\" \/>\n\t<meta property=\"og:image:height\" content=\"600\" \/>\n\t<meta property=\"og:image:type\" content=\"image\/png\" \/>\n<meta name=\"twitter:card\" content=\"summary_large_image\" \/>\n<meta name=\"twitter:title\" content=\"Vous souhaitez agir pour la propret\u00e9 de l\u2019air?\" \/>\n<meta name=\"twitter:description\" content=\"Votre chauffage au bois respecte le climat! Mais si vous ne l\u2019utilisez pas correctement, il d\u00e9gage de nombreuses particules fines sous la forme de suie et de fum\u00e9e. Les causes sont multiples.\" \/>\n<meta name=\"twitter:image\" content=\"https:\/\/point-of-fire.ch\/wp-content\/uploads\/2019\/11\/KeyVisual_SoMe_Pointoffire_FR.png\" \/>\n<meta name=\"twitter:label1\" content=\"Dur\u00e9e de lecture estim\u00e9e\" \/>\n\t<meta name=\"twitter:data1\" content=\"2 minutes\" \/>\n<script type=\"application\/ld+json\" class=\"yoast-schema-graph\">{\"@context\":\"https:\\\/\\\/schema.org\",\"@graph\":[{\"@type\":\"WebPage\",\"@id\":\"https:\\\/\\\/point-of-fire.ch\\\/fr\\\/maison\\\/\",\"url\":\"https:\\\/\\\/point-of-fire.ch\\\/fr\\\/maison\\\/\",\"name\":\"Vous souhaitez agir pour la propret\u00e9 de l\u2019air? - Point of Fire\",\"isPartOf\":{\"@id\":\"https:\\\/\\\/point-of-fire.ch\\\/it\\\/#website\"},\"primaryImageOfPage\":{\"@id\":\"https:\\\/\\\/point-of-fire.ch\\\/fr\\\/maison\\\/#primaryimage\"},\"image\":{\"@id\":\"https:\\\/\\\/point-of-fire.ch\\\/fr\\\/maison\\\/#primaryimage\"},\"thumbnailUrl\":\"https:\\\/\\\/point-of-fire.ch\\\/wp-content\\\/uploads\\\/2019\\\/10\\\/Icon_Betreiberinnen_1.png\",\"datePublished\":\"2019-10-02T13:48:53+00:00\",\"dateModified\":\"2020-11-18T09:53:34+00:00\",\"description\":\"Votre chauffage au bois respecte le climat! Mais si vous ne l\u2019utilisez pas correctement, il d\u00e9gage de nombreuses particules fines sous la forme de suie et de fum\u00e9e. Les causes sont multiples: utilisation de bois mouill\u00e9 ou de trop grosses b\u00fbches, mauvais allumage, apport d\u2019air insuffisant ou encore combustion de mat\u00e9riaux inappropri\u00e9s.\",\"breadcrumb\":{\"@id\":\"https:\\\/\\\/point-of-fire.ch\\\/fr\\\/maison\\\/#breadcrumb\"},\"inLanguage\":\"fr-FR\",\"potentialAction\":[{\"@type\":\"ReadAction\",\"target\":[\"https:\\\/\\\/point-of-fire.ch\\\/fr\\\/maison\\\/\"]}]},{\"@type\":\"ImageObject\",\"inLanguage\":\"fr-FR\",\"@id\":\"https:\\\/\\\/point-of-fire.ch\\\/fr\\\/maison\\\/#primaryimage\",\"url\":\"https:\\\/\\\/point-of-fire.ch\\\/wp-content\\\/uploads\\\/2019\\\/10\\\/Icon_Betreiberinnen_1.png\",\"contentUrl\":\"https:\\\/\\\/point-of-fire.ch\\\/wp-content\\\/uploads\\\/2019\\\/10\\\/Icon_Betreiberinnen_1.png\"},{\"@type\":\"BreadcrumbList\",\"@id\":\"https:\\\/\\\/point-of-fire.ch\\\/fr\\\/maison\\\/#breadcrumb\",\"itemListElement\":[{\"@type\":\"ListItem\",\"position\":1,\"name\":\"Startseite\",\"item\":\"https:\\\/\\\/point-of-fire.ch\\\/fr\\\/\"},{\"@type\":\"ListItem\",\"position\":2,\"name\":\"Maison\"}]},{\"@type\":\"WebSite\",\"@id\":\"https:\\\/\\\/point-of-fire.ch\\\/it\\\/#website\",\"url\":\"https:\\\/\\\/point-of-fire.ch\\\/it\\\/\",\"name\":\"Point of Fire\",\"description\":\"Eine weitere WordPress-Website\",\"publisher\":{\"@id\":\"https:\\\/\\\/point-of-fire.ch\\\/it\\\/#organization\"},\"potentialAction\":[{\"@type\":\"SearchAction\",\"target\":{\"@type\":\"EntryPoint\",\"urlTemplate\":\"https:\\\/\\\/point-of-fire.ch\\\/it\\\/?s={search_term_string}\"},\"query-input\":{\"@type\":\"PropertyValueSpecification\",\"valueRequired\":true,\"valueName\":\"search_term_string\"}}],\"inLanguage\":\"fr-FR\"},{\"@type\":\"Organization\",\"@id\":\"https:\\\/\\\/point-of-fire.ch\\\/it\\\/#organization\",\"name\":\"Point of Fire\",\"url\":\"https:\\\/\\\/point-of-fire.ch\\\/it\\\/\",\"logo\":{\"@type\":\"ImageObject\",\"inLanguage\":\"fr-FR\",\"@id\":\"https:\\\/\\\/point-of-fire.ch\\\/it\\\/#\\\/schema\\\/logo\\\/image\\\/\",\"url\":\"https:\\\/\\\/point-of-fire.ch\\\/wp-content\\\/uploads\\\/2019\\\/08\\\/Logo_Point_of_Fire.svg\",\"contentUrl\":\"https:\\\/\\\/point-of-fire.ch\\\/wp-content\\\/uploads\\\/2019\\\/08\\\/Logo_Point_of_Fire.svg\",\"width\":1,\"height\":1,\"caption\":\"Point of Fire\"},\"image\":{\"@id\":\"https:\\\/\\\/point-of-fire.ch\\\/it\\\/#\\\/schema\\\/logo\\\/image\\\/\"}}]}<\/script>\n<!-- \/ Yoast SEO plugin. -->","yoast_head_json":{"title":"Vous souhaitez agir pour la propret\u00e9 de l\u2019air? - Point of Fire","description":"Votre chauffage au bois respecte le climat! Mais si vous ne l\u2019utilisez pas correctement, il d\u00e9gage de nombreuses particules fines sous la forme de suie et de fum\u00e9e. Les causes sont multiples: utilisation de bois mouill\u00e9 ou de trop grosses b\u00fbches, mauvais allumage, apport d\u2019air insuffisant ou encore combustion de mat\u00e9riaux inappropri\u00e9s.","robots":{"index":"index","follow":"follow","max-snippet":"max-snippet:-1","max-image-preview":"max-image-preview:large","max-video-preview":"max-video-preview:-1"},"canonical":"https:\/\/point-of-fire.ch\/fr\/maison\/","og_locale":"fr_FR","og_type":"article","og_title":"Vous souhaitez agir pour la propret\u00e9 de l\u2019air?","og_description":"Votre chauffage au bois respecte le climat! Mais si vous ne l\u2019utilisez pas correctement, il d\u00e9gage de nombreuses particules fines sous la forme de suie et de fum\u00e9e. Les causes sont multiples.","og_url":"https:\/\/point-of-fire.ch\/fr\/maison\/","og_site_name":"Point of Fire","article_modified_time":"2020-11-18T09:53:34+00:00","og_image":[{"width":1200,"height":600,"url":"https:\/\/point-of-fire.ch\/wp-content\/uploads\/2019\/11\/KeyVisual_SoMe_Pointoffire_FR.png","type":"image\/png"}],"twitter_card":"summary_large_image","twitter_title":"Vous souhaitez agir pour la propret\u00e9 de l\u2019air?","twitter_description":"Votre chauffage au bois respecte le climat! Mais si vous ne l\u2019utilisez pas correctement, il d\u00e9gage de nombreuses particules fines sous la forme de suie et de fum\u00e9e. Les causes sont multiples.","twitter_image":"https:\/\/point-of-fire.ch\/wp-content\/uploads\/2019\/11\/KeyVisual_SoMe_Pointoffire_FR.png","twitter_misc":{"Dur\u00e9e de lecture estim\u00e9e":"2 minutes"},"schema":{"@context":"https:\/\/schema.org","@graph":[{"@type":"WebPage","@id":"https:\/\/point-of-fire.ch\/fr\/maison\/","url":"https:\/\/point-of-fire.ch\/fr\/maison\/","name":"Vous souhaitez agir pour la propret\u00e9 de l\u2019air? - Point of Fire","isPartOf":{"@id":"https:\/\/point-of-fire.ch\/it\/#website"},"primaryImageOfPage":{"@id":"https:\/\/point-of-fire.ch\/fr\/maison\/#primaryimage"},"image":{"@id":"https:\/\/point-of-fire.ch\/fr\/maison\/#primaryimage"},"thumbnailUrl":"https:\/\/point-of-fire.ch\/wp-content\/uploads\/2019\/10\/Icon_Betreiberinnen_1.png","datePublished":"2019-10-02T13:48:53+00:00","dateModified":"2020-11-18T09:53:34+00:00","description":"Votre chauffage au bois respecte le climat! Mais si vous ne l\u2019utilisez pas correctement, il d\u00e9gage de nombreuses particules fines sous la forme de suie et de fum\u00e9e. Les causes sont multiples: utilisation de bois mouill\u00e9 ou de trop grosses b\u00fbches, mauvais allumage, apport d\u2019air insuffisant ou encore combustion de mat\u00e9riaux inappropri\u00e9s.","breadcrumb":{"@id":"https:\/\/point-of-fire.ch\/fr\/maison\/#breadcrumb"},"inLanguage":"fr-FR","potentialAction":[{"@type":"ReadAction","target":["https:\/\/point-of-fire.ch\/fr\/maison\/"]}]},{"@type":"ImageObject","inLanguage":"fr-FR","@id":"https:\/\/point-of-fire.ch\/fr\/maison\/#primaryimage","url":"https:\/\/point-of-fire.ch\/wp-content\/uploads\/2019\/10\/Icon_Betreiberinnen_1.png","contentUrl":"https:\/\/point-of-fire.ch\/wp-content\/uploads\/2019\/10\/Icon_Betreiberinnen_1.png"},{"@type":"BreadcrumbList","@id":"https:\/\/point-of-fire.ch\/fr\/maison\/#breadcrumb","itemListElement":[{"@type":"ListItem","position":1,"name":"Startseite","item":"https:\/\/point-of-fire.ch\/fr\/"},{"@type":"ListItem","position":2,"name":"Maison"}]},{"@type":"WebSite","@id":"https:\/\/point-of-fire.ch\/it\/#website","url":"https:\/\/point-of-fire.ch\/it\/","name":"Point of Fire","description":"Eine weitere WordPress-Website","publisher":{"@id":"https:\/\/point-of-fire.ch\/it\/#organization"},"potentialAction":[{"@type":"SearchAction","target":{"@type":"EntryPoint","urlTemplate":"https:\/\/point-of-fire.ch\/it\/?s={search_term_string}"},"query-input":{"@type":"PropertyValueSpecification","valueRequired":true,"valueName":"search_term_string"}}],"inLanguage":"fr-FR"},{"@type":"Organization","@id":"https:\/\/point-of-fire.ch\/it\/#organization","name":"Point of Fire","url":"https:\/\/point-of-fire.ch\/it\/","logo":{"@type":"ImageObject","inLanguage":"fr-FR","@id":"https:\/\/point-of-fire.ch\/it\/#\/schema\/logo\/image\/","url":"https:\/\/point-of-fire.ch\/wp-content\/uploads\/2019\/08\/Logo_Point_of_Fire.svg","contentUrl":"https:\/\/point-of-fire.ch\/wp-content\/uploads\/2019\/08\/Logo_Point_of_Fire.svg","width":1,"height":1,"caption":"Point of Fire"},"image":{"@id":"https:\/\/point-of-fire.ch\/it\/#\/schema\/logo\/image\/"}}]}},"_links":{"self":[{"href":"https:\/\/point-of-fire.ch\/fr\/wp-json\/wp\/v2\/pages\/959","targetHints":{"allow":["GET"]}}],"collection":[{"href":"https:\/\/point-of-fire.ch\/fr\/wp-json\/wp\/v2\/pages"}],"about":[{"href":"https:\/\/point-of-fire.ch\/fr\/wp-json\/wp\/v2\/types\/page"}],"author":[{"embeddable":true,"href":"https:\/\/point-of-fire.ch\/fr\/wp-json\/wp\/v2\/users\/1"}],"replies":[{"embeddable":true,"href":"https:\/\/point-of-fire.ch\/fr\/wp-json\/wp\/v2\/comments?post=959"}],"version-history":[{"count":13,"href":"https:\/\/point-of-fire.ch\/fr\/wp-json\/wp\/v2\/pages\/959\/revisions"}],"predecessor-version":[{"id":2233,"href":"https:\/\/point-of-fire.ch\/fr\/wp-json\/wp\/v2\/pages\/959\/revisions\/2233"}],"wp:attachment":[{"href":"https:\/\/point-of-fire.ch\/fr\/wp-json\/wp\/v2\/media?parent=959"}],"curies":[{"name":"wp","href":"https:\/\/api.w.org\/{rel}","templated":true}]}}