{"id":1956,"date":"2019-11-14T12:13:27","date_gmt":"2019-11-14T11:13:27","guid":{"rendered":"https:\/\/point-of-fire.ch\/?page_id=1956"},"modified":"2019-11-20T08:35:45","modified_gmt":"2019-11-20T07:35:45","slug":"bonnes-pratiques","status":"publish","type":"page","link":"https:\/\/point-of-fire.ch\/fr\/boite-a-outils\/bonnes-pratiques\/","title":{"rendered":"Bonnes pratiques"},"content":{"rendered":"<h1>\n\t\tDes coll\u00e8gues partagent leurs exp\u00e9riences\n\t<\/h1>\n<h3>\n\t\tComment g\u00e9rer les situations d\u00e9licates au point d\u2019\u00e9mission? Des coll\u00e8gues t\u00e9moignent de leurs exp\u00e9riences faites dans la pratique.\n\t<\/h3>\n<h2>\n\t\tT\u00e9moignage de Laurent, ma\u00eetre ramoneur en Suisse romande\n\t<\/h2>\n\t<iframe loading=\"lazy\" src=\"https:\/\/player.vimeo.com\/video\/374244257\" width=\"640\" height=\"360\" frameborder=\"0\" allow=\"autoplay; fullscreen\" allowfullscreen><\/iframe>\n<h2>\n\t\tT\u00e9moignages de professionnels de Suisse al\u00e9manique et du Tessin\n\t<\/h2>\n\t<p>La parole \u00e0 Jonas Wieland, Patrizia Alther-Braun, Melanie Bisang, Reto Joost, Dario R\u00f6thlisberger et Paolo Cadenazzi<\/p>\n\t<iframe loading=\"lazy\" src=\"https:\/\/player.vimeo.com\/video\/374150869\" width=\"640\" height=\"360\" frameborder=\"0\" allow=\"autoplay; fullscreen\" allowfullscreen><\/iframe>\n\t<iframe loading=\"lazy\" src=\"https:\/\/player.vimeo.com\/video\/374247255\" width=\"640\" height=\"360\" frameborder=\"0\" allow=\"autoplay; fullscreen\" allowfullscreen><\/iframe>\n","protected":false},"excerpt":{"rendered":"<p>Des coll\u00e8gues partagent leurs exp\u00e9riences Comment g\u00e9rer les situations d\u00e9licates au point d\u2019\u00e9mission? Des coll\u00e8gues t\u00e9moignent de leurs exp\u00e9riences faites dans la pratique. T\u00e9moignage de Laurent, ma\u00eetre ramoneur en Suisse romande T\u00e9moignages de professionnels de Suisse al\u00e9manique et du Tessin La parole \u00e0 Jonas Wieland, Patrizia Alther-Braun, Melanie Bisang, Reto Joost, Dario R\u00f6thlisberger et Paolo&hellip;<\/p>\n","protected":false},"author":1,"featured_media":0,"parent":1648,"menu_order":0,"comment_status":"closed","ping_status":"closed","template":"","meta":{"_acf_changed":false,"footnotes":""},"class_list":["post-1956","page","type-page","status-publish","hentry"],"acf":[],"yoast_head":"<!-- This site is optimized with the Yoast SEO plugin v27.4 - https:\/\/yoast.com\/product\/yoast-seo-wordpress\/ -->\n<title>Des coll\u00e8gues partagent leurs exp\u00e9riences - Point of Fire<\/title>\n<meta name=\"description\" content=\"Comment g\u00e9rer les situations d\u00e9licates au point d\u2019\u00e9mission? Des coll\u00e8gues t\u00e9moignent de leurs exp\u00e9riences faites dans la pratique.\" \/>\n<meta name=\"robots\" content=\"index, follow, max-snippet:-1, max-image-preview:large, max-video-preview:-1\" \/>\n<link rel=\"canonical\" href=\"https:\/\/point-of-fire.ch\/fr\/boite-a-outils\/bonnes-pratiques\/\" \/>\n<meta property=\"og:locale\" content=\"fr_FR\" \/>\n<meta property=\"og:type\" content=\"article\" \/>\n<meta property=\"og:title\" content=\"Point of Fire, toujours de bon conseil\" \/>\n<meta property=\"og:description\" content=\"Les discussions s\u2019\u00e9chauffent devant le po\u00eale? Trouver le conseil adapt\u00e9 pour inciter au bon usage des chauffages au bois est parfois un v\u00e9ritable d\u00e9fi pour les professionnels. Pour vous aider, la plateforme \u00abPoint of Fire\u00bb pr\u00e9sente des t\u00e9moignages de gens du m\u00e9tiers.\" \/>\n<meta property=\"og:url\" content=\"https:\/\/point-of-fire.ch\/fr\/boite-a-outils\/bonnes-pratiques\/\" \/>\n<meta property=\"og:site_name\" content=\"Point of Fire\" \/>\n<meta property=\"article:modified_time\" content=\"2019-11-20T07:35:45+00:00\" \/>\n<meta property=\"og:image\" content=\"https:\/\/point-of-fire.ch\/wp-content\/uploads\/2019\/11\/KeyVisual_SoMe_Pointoffire_FR.png\" \/>\n\t<meta property=\"og:image:width\" content=\"1200\" \/>\n\t<meta property=\"og:image:height\" content=\"600\" \/>\n\t<meta property=\"og:image:type\" content=\"image\/png\" \/>\n<meta name=\"twitter:card\" content=\"summary_large_image\" \/>\n<meta name=\"twitter:title\" content=\"Point of Fire, toujours de bon conseil\" \/>\n<meta name=\"twitter:description\" content=\"Les discussions s\u2019\u00e9chauffent devant le po\u00eale? Trouver le conseil adapt\u00e9 pour inciter au bon usage des chauffages au bois est parfois un v\u00e9ritable d\u00e9fi pour les professionnels. Pour vous aider, la plateforme \u00abPoint of Fire\u00bb pr\u00e9sente des t\u00e9moignages de gens du m\u00e9tiers.\" \/>\n<meta name=\"twitter:image\" content=\"https:\/\/point-of-fire.ch\/wp-content\/uploads\/2019\/11\/KeyVisual_SoMe_Pointoffire_FR.png\" \/>\n<script type=\"application\/ld+json\" class=\"yoast-schema-graph\">{\"@context\":\"https:\\\/\\\/schema.org\",\"@graph\":[{\"@type\":\"WebPage\",\"@id\":\"https:\\\/\\\/point-of-fire.ch\\\/fr\\\/boite-a-outils\\\/bonnes-pratiques\\\/\",\"url\":\"https:\\\/\\\/point-of-fire.ch\\\/fr\\\/boite-a-outils\\\/bonnes-pratiques\\\/\",\"name\":\"Des coll\u00e8gues partagent leurs exp\u00e9riences - Point of Fire\",\"isPartOf\":{\"@id\":\"https:\\\/\\\/point-of-fire.ch\\\/it\\\/#website\"},\"datePublished\":\"2019-11-14T11:13:27+00:00\",\"dateModified\":\"2019-11-20T07:35:45+00:00\",\"description\":\"Comment g\u00e9rer les situations d\u00e9licates au point d\u2019\u00e9mission? Des coll\u00e8gues t\u00e9moignent de leurs exp\u00e9riences faites dans la pratique.\",\"breadcrumb\":{\"@id\":\"https:\\\/\\\/point-of-fire.ch\\\/fr\\\/boite-a-outils\\\/bonnes-pratiques\\\/#breadcrumb\"},\"inLanguage\":\"fr-FR\",\"potentialAction\":[{\"@type\":\"ReadAction\",\"target\":[\"https:\\\/\\\/point-of-fire.ch\\\/fr\\\/boite-a-outils\\\/bonnes-pratiques\\\/\"]}]},{\"@type\":\"BreadcrumbList\",\"@id\":\"https:\\\/\\\/point-of-fire.ch\\\/fr\\\/boite-a-outils\\\/bonnes-pratiques\\\/#breadcrumb\",\"itemListElement\":[{\"@type\":\"ListItem\",\"position\":1,\"name\":\"Startseite\",\"item\":\"https:\\\/\\\/point-of-fire.ch\\\/fr\\\/\"},{\"@type\":\"ListItem\",\"position\":2,\"name\":\"Bo\u00eete \u00e0 outils\",\"item\":\"https:\\\/\\\/point-of-fire.ch\\\/fr\\\/boite-a-outils\\\/\"},{\"@type\":\"ListItem\",\"position\":3,\"name\":\"Bonnes pratiques\"}]},{\"@type\":\"WebSite\",\"@id\":\"https:\\\/\\\/point-of-fire.ch\\\/it\\\/#website\",\"url\":\"https:\\\/\\\/point-of-fire.ch\\\/it\\\/\",\"name\":\"Point of Fire\",\"description\":\"Eine weitere WordPress-Website\",\"publisher\":{\"@id\":\"https:\\\/\\\/point-of-fire.ch\\\/it\\\/#organization\"},\"potentialAction\":[{\"@type\":\"SearchAction\",\"target\":{\"@type\":\"EntryPoint\",\"urlTemplate\":\"https:\\\/\\\/point-of-fire.ch\\\/it\\\/?s={search_term_string}\"},\"query-input\":{\"@type\":\"PropertyValueSpecification\",\"valueRequired\":true,\"valueName\":\"search_term_string\"}}],\"inLanguage\":\"fr-FR\"},{\"@type\":\"Organization\",\"@id\":\"https:\\\/\\\/point-of-fire.ch\\\/it\\\/#organization\",\"name\":\"Point of Fire\",\"url\":\"https:\\\/\\\/point-of-fire.ch\\\/it\\\/\",\"logo\":{\"@type\":\"ImageObject\",\"inLanguage\":\"fr-FR\",\"@id\":\"https:\\\/\\\/point-of-fire.ch\\\/it\\\/#\\\/schema\\\/logo\\\/image\\\/\",\"url\":\"https:\\\/\\\/point-of-fire.ch\\\/wp-content\\\/uploads\\\/2019\\\/08\\\/Logo_Point_of_Fire.svg\",\"contentUrl\":\"https:\\\/\\\/point-of-fire.ch\\\/wp-content\\\/uploads\\\/2019\\\/08\\\/Logo_Point_of_Fire.svg\",\"width\":1,\"height\":1,\"caption\":\"Point of Fire\"},\"image\":{\"@id\":\"https:\\\/\\\/point-of-fire.ch\\\/it\\\/#\\\/schema\\\/logo\\\/image\\\/\"}}]}<\/script>\n<!-- \/ Yoast SEO plugin. -->","yoast_head_json":{"title":"Des coll\u00e8gues partagent leurs exp\u00e9riences - Point of Fire","description":"Comment g\u00e9rer les situations d\u00e9licates au point d\u2019\u00e9mission? Des coll\u00e8gues t\u00e9moignent de leurs exp\u00e9riences faites dans la pratique.","robots":{"index":"index","follow":"follow","max-snippet":"max-snippet:-1","max-image-preview":"max-image-preview:large","max-video-preview":"max-video-preview:-1"},"canonical":"https:\/\/point-of-fire.ch\/fr\/boite-a-outils\/bonnes-pratiques\/","og_locale":"fr_FR","og_type":"article","og_title":"Point of Fire, toujours de bon conseil","og_description":"Les discussions s\u2019\u00e9chauffent devant le po\u00eale? Trouver le conseil adapt\u00e9 pour inciter au bon usage des chauffages au bois est parfois un v\u00e9ritable d\u00e9fi pour les professionnels. Pour vous aider, la plateforme \u00abPoint of Fire\u00bb pr\u00e9sente des t\u00e9moignages de gens du m\u00e9tiers.","og_url":"https:\/\/point-of-fire.ch\/fr\/boite-a-outils\/bonnes-pratiques\/","og_site_name":"Point of Fire","article_modified_time":"2019-11-20T07:35:45+00:00","og_image":[{"width":1200,"height":600,"url":"https:\/\/point-of-fire.ch\/wp-content\/uploads\/2019\/11\/KeyVisual_SoMe_Pointoffire_FR.png","type":"image\/png"}],"twitter_card":"summary_large_image","twitter_title":"Point of Fire, toujours de bon conseil","twitter_description":"Les discussions s\u2019\u00e9chauffent devant le po\u00eale? Trouver le conseil adapt\u00e9 pour inciter au bon usage des chauffages au bois est parfois un v\u00e9ritable d\u00e9fi pour les professionnels. Pour vous aider, la plateforme \u00abPoint of Fire\u00bb pr\u00e9sente des t\u00e9moignages de gens du m\u00e9tiers.","twitter_image":"https:\/\/point-of-fire.ch\/wp-content\/uploads\/2019\/11\/KeyVisual_SoMe_Pointoffire_FR.png","schema":{"@context":"https:\/\/schema.org","@graph":[{"@type":"WebPage","@id":"https:\/\/point-of-fire.ch\/fr\/boite-a-outils\/bonnes-pratiques\/","url":"https:\/\/point-of-fire.ch\/fr\/boite-a-outils\/bonnes-pratiques\/","name":"Des coll\u00e8gues partagent leurs exp\u00e9riences - Point of Fire","isPartOf":{"@id":"https:\/\/point-of-fire.ch\/it\/#website"},"datePublished":"2019-11-14T11:13:27+00:00","dateModified":"2019-11-20T07:35:45+00:00","description":"Comment g\u00e9rer les situations d\u00e9licates au point d\u2019\u00e9mission? Des coll\u00e8gues t\u00e9moignent de leurs exp\u00e9riences faites dans la pratique.","breadcrumb":{"@id":"https:\/\/point-of-fire.ch\/fr\/boite-a-outils\/bonnes-pratiques\/#breadcrumb"},"inLanguage":"fr-FR","potentialAction":[{"@type":"ReadAction","target":["https:\/\/point-of-fire.ch\/fr\/boite-a-outils\/bonnes-pratiques\/"]}]},{"@type":"BreadcrumbList","@id":"https:\/\/point-of-fire.ch\/fr\/boite-a-outils\/bonnes-pratiques\/#breadcrumb","itemListElement":[{"@type":"ListItem","position":1,"name":"Startseite","item":"https:\/\/point-of-fire.ch\/fr\/"},{"@type":"ListItem","position":2,"name":"Bo\u00eete \u00e0 outils","item":"https:\/\/point-of-fire.ch\/fr\/boite-a-outils\/"},{"@type":"ListItem","position":3,"name":"Bonnes pratiques"}]},{"@type":"WebSite","@id":"https:\/\/point-of-fire.ch\/it\/#website","url":"https:\/\/point-of-fire.ch\/it\/","name":"Point of Fire","description":"Eine weitere WordPress-Website","publisher":{"@id":"https:\/\/point-of-fire.ch\/it\/#organization"},"potentialAction":[{"@type":"SearchAction","target":{"@type":"EntryPoint","urlTemplate":"https:\/\/point-of-fire.ch\/it\/?s={search_term_string}"},"query-input":{"@type":"PropertyValueSpecification","valueRequired":true,"valueName":"search_term_string"}}],"inLanguage":"fr-FR"},{"@type":"Organization","@id":"https:\/\/point-of-fire.ch\/it\/#organization","name":"Point of Fire","url":"https:\/\/point-of-fire.ch\/it\/","logo":{"@type":"ImageObject","inLanguage":"fr-FR","@id":"https:\/\/point-of-fire.ch\/it\/#\/schema\/logo\/image\/","url":"https:\/\/point-of-fire.ch\/wp-content\/uploads\/2019\/08\/Logo_Point_of_Fire.svg","contentUrl":"https:\/\/point-of-fire.ch\/wp-content\/uploads\/2019\/08\/Logo_Point_of_Fire.svg","width":1,"height":1,"caption":"Point of Fire"},"image":{"@id":"https:\/\/point-of-fire.ch\/it\/#\/schema\/logo\/image\/"}}]}},"_links":{"self":[{"href":"https:\/\/point-of-fire.ch\/fr\/wp-json\/wp\/v2\/pages\/1956","targetHints":{"allow":["GET"]}}],"collection":[{"href":"https:\/\/point-of-fire.ch\/fr\/wp-json\/wp\/v2\/pages"}],"about":[{"href":"https:\/\/point-of-fire.ch\/fr\/wp-json\/wp\/v2\/types\/page"}],"author":[{"embeddable":true,"href":"https:\/\/point-of-fire.ch\/fr\/wp-json\/wp\/v2\/users\/1"}],"replies":[{"embeddable":true,"href":"https:\/\/point-of-fire.ch\/fr\/wp-json\/wp\/v2\/comments?post=1956"}],"version-history":[{"count":10,"href":"https:\/\/point-of-fire.ch\/fr\/wp-json\/wp\/v2\/pages\/1956\/revisions"}],"predecessor-version":[{"id":2111,"href":"https:\/\/point-of-fire.ch\/fr\/wp-json\/wp\/v2\/pages\/1956\/revisions\/2111"}],"up":[{"embeddable":true,"href":"https:\/\/point-of-fire.ch\/fr\/wp-json\/wp\/v2\/pages\/1648"}],"wp:attachment":[{"href":"https:\/\/point-of-fire.ch\/fr\/wp-json\/wp\/v2\/media?parent=1956"}],"curies":[{"name":"wp","href":"https:\/\/api.w.org\/{rel}","templated":true}]}}