{"id":1648,"date":"2019-11-12T15:49:57","date_gmt":"2019-11-12T14:49:57","guid":{"rendered":"https:\/\/point-of-fire.ch\/?page_id=1648"},"modified":"2021-05-26T17:59:04","modified_gmt":"2021-05-26T15:59:04","slug":"boite-a-outils","status":"publish","type":"page","link":"https:\/\/point-of-fire.ch\/fr\/boite-a-outils\/","title":{"rendered":"Bo\u00eete \u00e0 outils"},"content":{"rendered":"<h1>\n\t\tLes bons outils pour bien conseiller\n\t<\/h1>\n<h3>\n\t\tPas de bon travail sans instruments adapt\u00e9s. Il en va de m\u00eame pour le conseil \u00e0 la client\u00e8le. Vous trouverez sur cette page tout un \u00e9ventail d\u2019outils pour bien conseiller les utilisateurs.\n\t<\/h3>\n<h3>\n\t\tCours en ligne: comment convaincre la client\u00e8le?\n\t<\/h3>\n\t<p>Comment entamer la discussion? Comment aborder le sujet pour changer durablement un comportement incorrect? Ce cours en ligne r\u00e9pond \u00e0 ces questions.<\/p>\n\t\t\t<a href=\"https:\/\/point-of-fire.ch\/fr\/courses\/cours-en-ligne-comment-convaincre-la-clientele\/\" target=\"_self\" role=\"button\" rel=\"noopener noreferrer\">\n\t\t\t\t\t\t\tEn savoir plus\n\t\t\t\t\t<\/a>\n<h3>\n\t\tDes coll\u00e8gues partagent leurs exp\u00e9riences\n\t<\/h3>\n\t<p>Comment g\u00e9rer les situations d\u00e9licates au point d\u2019\u00e9mission? Des coll\u00e8gues t\u00e9moignent de leurs exp\u00e9riences faites dans la pratique.<\/p>\n\t\t\t<a href=\"https:\/\/point-of-fire.ch\/fr\/boite-a-outils\/bonnes-pratiques\/\" target=\"_self\" role=\"button\" rel=\"noopener noreferrer\">\n\t\t\t\t\t\t\tVers les vid\u00e9os\n\t\t\t\t\t<\/a>\n\t\t\t\t<img loading=\"lazy\" decoding=\"async\" src=\"https:\/\/point-of-fire.ch\/wp-content\/uploads\/2019\/11\/Beratungssituation_1.jpg\" alt=\"Ein Kundengeschenk f\u00fcr den optimalen Abbrand von oben unterst\u00fctzt einen positiven Gespr\u00e4chseinstieg\" itemprop=\"image\" height=\"1333\" width=\"2000\" title=\"Beratungssituation_1\" onerror=\"this.style.display='none'\"  \/>\n<h3>\n\t\tApproche constructive\n\t<\/h3>\n\t<p>Offrir un cadeau permet d\u2019amorcer plus facilement le dialogue lorsque le client utilise son installation de mani\u00e8re incorrecte. <\/p>\n\t\t\t<a href=\"https:\/\/point-of-fire.ch\/fr\/boite-a-outils\/cadeau-client\/\" target=\"_self\" role=\"button\" rel=\"noopener noreferrer\">\n\t\t\t\t\t\t\tPourquoi un cadeau?\n\t\t\t\t\t<\/a>\n<h2>\n\t\tAutres outils utiles\n\t<\/h2>\n\t<p>Ces documents t\u00e9l\u00e9chargeables vous aideront \u00e0 bien conseiller les utilisateurs de petits chauffages au bois: argumentaire, recommandations pour la surveillance des \u00e9missions et informations g\u00e9n\u00e9rales sur la mani\u00e8re la plus \u00abpropre\u00bb de faire du feu.<\/p>\n \t\t\t\t<ahref=\"https:\/\/point-of-fire.ch\/wp-content\/uploads\/2019\/11\/191119_Argumentarium_FR_def.pdf\" target=\"_blank\"><\/a><a href=\"https:\/\/point-of-fire.ch\/wp-content\/uploads\/2019\/11\/191119_Argumentarium_FR_def.pdf\" target=\"_blank\" rel=\"noopener noreferrer\"><\/i>Argumentaire: Point of Fire, toujour de bon conseil<\/a>\n \t\t\t\t<ahref=\"https:\/\/point-of-fire.ch\/wp-content\/uploads\/2019\/11\/191119_Argumentarium_FR_def.pdf\" target=\"_blank\"><\/a>\n \t\t\t\t<ahref=\"https:\/\/point-of-fire.ch\/wp-content\/uploads\/2019\/11\/31o-2019-05-F-Chauffages-de-locaux-individuels-inferieure-ou-egale-70kW.pdf\" target=\"_blank\"><\/a><a href=\"https:\/\/point-of-fire.ch\/wp-content\/uploads\/2019\/11\/31o-2019-05-F-Chauffages-de-locaux-individuels-inferieure-ou-egale-70kW.pdf\" target=\"_blank\" rel=\"noopener noreferrer\"><\/i>Recommandation Cercl\u2019Air n\u00b0310: Fiches d\u2019ex\u00e9cution \u00abSurveillance des \u00e9missions\u00bb. Chauffages de locaux individuels \u00e0 combustibles solides d\u2019une puissance calorifique inf\u00e9rieure ou \u00e9gale \u00e0 70 kW<\/a>\n \t\t\t\t<ahref=\"https:\/\/point-of-fire.ch\/wp-content\/uploads\/2019\/11\/31o-2019-05-F-Chauffages-de-locaux-individuels-inferieure-ou-egale-70kW.pdf\" target=\"_blank\"><\/a>\n \t\t\t\t<ahref=\"https:\/\/point-of-fire.ch\/wp-content\/uploads\/2019\/10\/Themenheft_Feuer-Holz-und-Luft_Sauberer-feuern-mit-Holz.pdf\" target=\"_blank\"><\/a><a href=\"https:\/\/point-of-fire.ch\/wp-content\/uploads\/2019\/10\/Themenheft_Feuer-Holz-und-Luft_Sauberer-feuern-mit-Holz.pdf\" target=\"_blank\" rel=\"noopener noreferrer\"><\/i>Feuer, Holz und Luft: Information der Luftreinhalte-Fachstellen der Ostschweizer Kantone und des F\u00fcrstentums Liechtenstein \u00fcber Holzfeuerungen<\/a>\n \t\t\t\t<ahref=\"https:\/\/point-of-fire.ch\/wp-content\/uploads\/2019\/10\/Themenheft_Feuer-Holz-und-Luft_Sauberer-feuern-mit-Holz.pdf\" target=\"_blank\"><\/a>\n","protected":false},"excerpt":{"rendered":"<p>Les bons outils pour bien conseiller Pas de bon travail sans instruments adapt\u00e9s. Il en va de m\u00eame pour le conseil \u00e0 la client\u00e8le. Vous trouverez sur cette page tout un \u00e9ventail d\u2019outils pour bien conseiller les utilisateurs. Cours en ligne: comment convaincre la client\u00e8le? Comment entamer la discussion? Comment aborder le sujet pour changer&hellip;<\/p>\n","protected":false},"author":1,"featured_media":0,"parent":0,"menu_order":0,"comment_status":"closed","ping_status":"closed","template":"","meta":{"_acf_changed":false,"footnotes":""},"class_list":["post-1648","page","type-page","status-publish","hentry"],"acf":[],"yoast_head":"<!-- This site is optimized with the Yoast SEO plugin v27.4 - https:\/\/yoast.com\/product\/yoast-seo-wordpress\/ -->\n<title>Les bons outils pour bien conseiller - Point of Fire<\/title>\n<meta name=\"description\" content=\"Pas de bon travail sans instruments adapt\u00e9s. Il en va de m\u00eame pour le conseil \u00e0 la client\u00e8le. Vous trouverez sur cette page tout un \u00e9ventail d\u2019outils pour bien conseiller les utilisateurs.\" \/>\n<meta name=\"robots\" content=\"index, follow, max-snippet:-1, max-image-preview:large, max-video-preview:-1\" \/>\n<link rel=\"canonical\" href=\"https:\/\/point-of-fire.ch\/fr\/boite-a-outils\/\" \/>\n<meta property=\"og:locale\" content=\"fr_FR\" \/>\n<meta property=\"og:type\" content=\"article\" \/>\n<meta property=\"og:title\" content=\"Point of Fire, toujours de bon conseil\" \/>\n<meta property=\"og:description\" content=\"Les discussions s\u2019\u00e9chauffent devant le po\u00eale? Trouver le conseil adapt\u00e9 pour inciter au bon usage des chauffages au bois est parfois un v\u00e9ritable d\u00e9fi pour les professionnels. Pour vous aider, la plateforme \u00abPoint of Fire\u00bb pr\u00e9sente des t\u00e9moignages de gens du m\u00e9tiers.\" \/>\n<meta property=\"og:url\" content=\"https:\/\/point-of-fire.ch\/fr\/boite-a-outils\/\" \/>\n<meta property=\"og:site_name\" content=\"Point of Fire\" \/>\n<meta property=\"article:modified_time\" content=\"2021-05-26T15:59:04+00:00\" \/>\n<meta property=\"og:image\" content=\"https:\/\/point-of-fire.ch\/wp-content\/uploads\/2019\/11\/KeyVisual_SoMe_Pointoffire_FR.png\" \/>\n\t<meta property=\"og:image:width\" content=\"1200\" \/>\n\t<meta property=\"og:image:height\" content=\"600\" \/>\n\t<meta property=\"og:image:type\" content=\"image\/png\" \/>\n<meta name=\"twitter:card\" content=\"summary_large_image\" \/>\n<meta name=\"twitter:title\" content=\"Point of Fire, toujours de bon conseil\" \/>\n<meta name=\"twitter:description\" content=\"Les discussions s\u2019\u00e9chauffent devant le po\u00eale? Trouver le conseil adapt\u00e9 pour inciter au bon usage des chauffages au bois est parfois un v\u00e9ritable d\u00e9fi pour les professionnels. Pour vous aider, la plateforme \u00abPoint of Fire\u00bb pr\u00e9sente des t\u00e9moignages de gens du m\u00e9tiers.\" \/>\n<meta name=\"twitter:image\" content=\"https:\/\/point-of-fire.ch\/wp-content\/uploads\/2019\/11\/KeyVisual_SoMe_Pointoffire_FR.png\" \/>\n<meta name=\"twitter:label1\" content=\"Dur\u00e9e de lecture estim\u00e9e\" \/>\n\t<meta name=\"twitter:data1\" content=\"1 minute\" \/>\n<script type=\"application\/ld+json\" class=\"yoast-schema-graph\">{\"@context\":\"https:\\\/\\\/schema.org\",\"@graph\":[{\"@type\":\"WebPage\",\"@id\":\"https:\\\/\\\/point-of-fire.ch\\\/fr\\\/boite-a-outils\\\/\",\"url\":\"https:\\\/\\\/point-of-fire.ch\\\/fr\\\/boite-a-outils\\\/\",\"name\":\"Les bons outils pour bien conseiller - Point of Fire\",\"isPartOf\":{\"@id\":\"https:\\\/\\\/point-of-fire.ch\\\/it\\\/#website\"},\"primaryImageOfPage\":{\"@id\":\"https:\\\/\\\/point-of-fire.ch\\\/fr\\\/boite-a-outils\\\/#primaryimage\"},\"image\":{\"@id\":\"https:\\\/\\\/point-of-fire.ch\\\/fr\\\/boite-a-outils\\\/#primaryimage\"},\"thumbnailUrl\":\"https:\\\/\\\/point-of-fire.ch\\\/wp-content\\\/uploads\\\/2019\\\/11\\\/Beratungssituation_1.jpg\",\"datePublished\":\"2019-11-12T14:49:57+00:00\",\"dateModified\":\"2021-05-26T15:59:04+00:00\",\"description\":\"Pas de bon travail sans instruments adapt\u00e9s. Il en va de m\u00eame pour le conseil \u00e0 la client\u00e8le. Vous trouverez sur cette page tout un \u00e9ventail d\u2019outils pour bien conseiller les utilisateurs.\",\"breadcrumb\":{\"@id\":\"https:\\\/\\\/point-of-fire.ch\\\/fr\\\/boite-a-outils\\\/#breadcrumb\"},\"inLanguage\":\"fr-FR\",\"potentialAction\":[{\"@type\":\"ReadAction\",\"target\":[\"https:\\\/\\\/point-of-fire.ch\\\/fr\\\/boite-a-outils\\\/\"]}]},{\"@type\":\"ImageObject\",\"inLanguage\":\"fr-FR\",\"@id\":\"https:\\\/\\\/point-of-fire.ch\\\/fr\\\/boite-a-outils\\\/#primaryimage\",\"url\":\"https:\\\/\\\/point-of-fire.ch\\\/wp-content\\\/uploads\\\/2019\\\/11\\\/Beratungssituation_1.jpg\",\"contentUrl\":\"https:\\\/\\\/point-of-fire.ch\\\/wp-content\\\/uploads\\\/2019\\\/11\\\/Beratungssituation_1.jpg\"},{\"@type\":\"BreadcrumbList\",\"@id\":\"https:\\\/\\\/point-of-fire.ch\\\/fr\\\/boite-a-outils\\\/#breadcrumb\",\"itemListElement\":[{\"@type\":\"ListItem\",\"position\":1,\"name\":\"Startseite\",\"item\":\"https:\\\/\\\/point-of-fire.ch\\\/fr\\\/\"},{\"@type\":\"ListItem\",\"position\":2,\"name\":\"Bo\u00eete \u00e0 outils\"}]},{\"@type\":\"WebSite\",\"@id\":\"https:\\\/\\\/point-of-fire.ch\\\/it\\\/#website\",\"url\":\"https:\\\/\\\/point-of-fire.ch\\\/it\\\/\",\"name\":\"Point of Fire\",\"description\":\"Eine weitere WordPress-Website\",\"publisher\":{\"@id\":\"https:\\\/\\\/point-of-fire.ch\\\/it\\\/#organization\"},\"potentialAction\":[{\"@type\":\"SearchAction\",\"target\":{\"@type\":\"EntryPoint\",\"urlTemplate\":\"https:\\\/\\\/point-of-fire.ch\\\/it\\\/?s={search_term_string}\"},\"query-input\":{\"@type\":\"PropertyValueSpecification\",\"valueRequired\":true,\"valueName\":\"search_term_string\"}}],\"inLanguage\":\"fr-FR\"},{\"@type\":\"Organization\",\"@id\":\"https:\\\/\\\/point-of-fire.ch\\\/it\\\/#organization\",\"name\":\"Point of Fire\",\"url\":\"https:\\\/\\\/point-of-fire.ch\\\/it\\\/\",\"logo\":{\"@type\":\"ImageObject\",\"inLanguage\":\"fr-FR\",\"@id\":\"https:\\\/\\\/point-of-fire.ch\\\/it\\\/#\\\/schema\\\/logo\\\/image\\\/\",\"url\":\"https:\\\/\\\/point-of-fire.ch\\\/wp-content\\\/uploads\\\/2019\\\/08\\\/Logo_Point_of_Fire.svg\",\"contentUrl\":\"https:\\\/\\\/point-of-fire.ch\\\/wp-content\\\/uploads\\\/2019\\\/08\\\/Logo_Point_of_Fire.svg\",\"width\":1,\"height\":1,\"caption\":\"Point of Fire\"},\"image\":{\"@id\":\"https:\\\/\\\/point-of-fire.ch\\\/it\\\/#\\\/schema\\\/logo\\\/image\\\/\"}}]}<\/script>\n<!-- \/ Yoast SEO plugin. -->","yoast_head_json":{"title":"Les bons outils pour bien conseiller - Point of Fire","description":"Pas de bon travail sans instruments adapt\u00e9s. Il en va de m\u00eame pour le conseil \u00e0 la client\u00e8le. Vous trouverez sur cette page tout un \u00e9ventail d\u2019outils pour bien conseiller les utilisateurs.","robots":{"index":"index","follow":"follow","max-snippet":"max-snippet:-1","max-image-preview":"max-image-preview:large","max-video-preview":"max-video-preview:-1"},"canonical":"https:\/\/point-of-fire.ch\/fr\/boite-a-outils\/","og_locale":"fr_FR","og_type":"article","og_title":"Point of Fire, toujours de bon conseil","og_description":"Les discussions s\u2019\u00e9chauffent devant le po\u00eale? Trouver le conseil adapt\u00e9 pour inciter au bon usage des chauffages au bois est parfois un v\u00e9ritable d\u00e9fi pour les professionnels. Pour vous aider, la plateforme \u00abPoint of Fire\u00bb pr\u00e9sente des t\u00e9moignages de gens du m\u00e9tiers.","og_url":"https:\/\/point-of-fire.ch\/fr\/boite-a-outils\/","og_site_name":"Point of Fire","article_modified_time":"2021-05-26T15:59:04+00:00","og_image":[{"width":1200,"height":600,"url":"https:\/\/point-of-fire.ch\/wp-content\/uploads\/2019\/11\/KeyVisual_SoMe_Pointoffire_FR.png","type":"image\/png"}],"twitter_card":"summary_large_image","twitter_title":"Point of Fire, toujours de bon conseil","twitter_description":"Les discussions s\u2019\u00e9chauffent devant le po\u00eale? Trouver le conseil adapt\u00e9 pour inciter au bon usage des chauffages au bois est parfois un v\u00e9ritable d\u00e9fi pour les professionnels. Pour vous aider, la plateforme \u00abPoint of Fire\u00bb pr\u00e9sente des t\u00e9moignages de gens du m\u00e9tiers.","twitter_image":"https:\/\/point-of-fire.ch\/wp-content\/uploads\/2019\/11\/KeyVisual_SoMe_Pointoffire_FR.png","twitter_misc":{"Dur\u00e9e de lecture estim\u00e9e":"1 minute"},"schema":{"@context":"https:\/\/schema.org","@graph":[{"@type":"WebPage","@id":"https:\/\/point-of-fire.ch\/fr\/boite-a-outils\/","url":"https:\/\/point-of-fire.ch\/fr\/boite-a-outils\/","name":"Les bons outils pour bien conseiller - Point of Fire","isPartOf":{"@id":"https:\/\/point-of-fire.ch\/it\/#website"},"primaryImageOfPage":{"@id":"https:\/\/point-of-fire.ch\/fr\/boite-a-outils\/#primaryimage"},"image":{"@id":"https:\/\/point-of-fire.ch\/fr\/boite-a-outils\/#primaryimage"},"thumbnailUrl":"https:\/\/point-of-fire.ch\/wp-content\/uploads\/2019\/11\/Beratungssituation_1.jpg","datePublished":"2019-11-12T14:49:57+00:00","dateModified":"2021-05-26T15:59:04+00:00","description":"Pas de bon travail sans instruments adapt\u00e9s. Il en va de m\u00eame pour le conseil \u00e0 la client\u00e8le. Vous trouverez sur cette page tout un \u00e9ventail d\u2019outils pour bien conseiller les utilisateurs.","breadcrumb":{"@id":"https:\/\/point-of-fire.ch\/fr\/boite-a-outils\/#breadcrumb"},"inLanguage":"fr-FR","potentialAction":[{"@type":"ReadAction","target":["https:\/\/point-of-fire.ch\/fr\/boite-a-outils\/"]}]},{"@type":"ImageObject","inLanguage":"fr-FR","@id":"https:\/\/point-of-fire.ch\/fr\/boite-a-outils\/#primaryimage","url":"https:\/\/point-of-fire.ch\/wp-content\/uploads\/2019\/11\/Beratungssituation_1.jpg","contentUrl":"https:\/\/point-of-fire.ch\/wp-content\/uploads\/2019\/11\/Beratungssituation_1.jpg"},{"@type":"BreadcrumbList","@id":"https:\/\/point-of-fire.ch\/fr\/boite-a-outils\/#breadcrumb","itemListElement":[{"@type":"ListItem","position":1,"name":"Startseite","item":"https:\/\/point-of-fire.ch\/fr\/"},{"@type":"ListItem","position":2,"name":"Bo\u00eete \u00e0 outils"}]},{"@type":"WebSite","@id":"https:\/\/point-of-fire.ch\/it\/#website","url":"https:\/\/point-of-fire.ch\/it\/","name":"Point of Fire","description":"Eine weitere WordPress-Website","publisher":{"@id":"https:\/\/point-of-fire.ch\/it\/#organization"},"potentialAction":[{"@type":"SearchAction","target":{"@type":"EntryPoint","urlTemplate":"https:\/\/point-of-fire.ch\/it\/?s={search_term_string}"},"query-input":{"@type":"PropertyValueSpecification","valueRequired":true,"valueName":"search_term_string"}}],"inLanguage":"fr-FR"},{"@type":"Organization","@id":"https:\/\/point-of-fire.ch\/it\/#organization","name":"Point of Fire","url":"https:\/\/point-of-fire.ch\/it\/","logo":{"@type":"ImageObject","inLanguage":"fr-FR","@id":"https:\/\/point-of-fire.ch\/it\/#\/schema\/logo\/image\/","url":"https:\/\/point-of-fire.ch\/wp-content\/uploads\/2019\/08\/Logo_Point_of_Fire.svg","contentUrl":"https:\/\/point-of-fire.ch\/wp-content\/uploads\/2019\/08\/Logo_Point_of_Fire.svg","width":1,"height":1,"caption":"Point of Fire"},"image":{"@id":"https:\/\/point-of-fire.ch\/it\/#\/schema\/logo\/image\/"}}]}},"_links":{"self":[{"href":"https:\/\/point-of-fire.ch\/fr\/wp-json\/wp\/v2\/pages\/1648","targetHints":{"allow":["GET"]}}],"collection":[{"href":"https:\/\/point-of-fire.ch\/fr\/wp-json\/wp\/v2\/pages"}],"about":[{"href":"https:\/\/point-of-fire.ch\/fr\/wp-json\/wp\/v2\/types\/page"}],"author":[{"embeddable":true,"href":"https:\/\/point-of-fire.ch\/fr\/wp-json\/wp\/v2\/users\/1"}],"replies":[{"embeddable":true,"href":"https:\/\/point-of-fire.ch\/fr\/wp-json\/wp\/v2\/comments?post=1648"}],"version-history":[{"count":20,"href":"https:\/\/point-of-fire.ch\/fr\/wp-json\/wp\/v2\/pages\/1648\/revisions"}],"predecessor-version":[{"id":2300,"href":"https:\/\/point-of-fire.ch\/fr\/wp-json\/wp\/v2\/pages\/1648\/revisions\/2300"}],"wp:attachment":[{"href":"https:\/\/point-of-fire.ch\/fr\/wp-json\/wp\/v2\/media?parent=1648"}],"curies":[{"name":"wp","href":"https:\/\/api.w.org\/{rel}","templated":true}]}}