{"id":1621,"date":"2019-11-12T15:22:17","date_gmt":"2019-11-12T14:22:17","guid":{"rendered":"https:\/\/point-of-fire.ch\/?page_id=1621"},"modified":"2021-01-26T08:47:13","modified_gmt":"2021-01-26T07:47:13","slug":"de-quoi-s-agit-il","status":"publish","type":"page","link":"https:\/\/point-of-fire.ch\/fr\/de-quoi-s-agit-il\/","title":{"rendered":"De quoi s\u2019agit-il?"},"content":{"rendered":"<h1>\n\t\tFum\u00e9es nocives\n\t<\/h1>\n<h3>\n\t\tLes petits chauffages au bois polluent l\u2019atmosph\u00e8re, notamment en d\u00e9gageant des poussi\u00e8res fines plus ou moins importantes en fonction des conditions m\u00e9t\u00e9orologiques. Les professionnels de terrain sont les mieux \u00e0 m\u00eame d\u2019influencer le comportement des utilisateurs. L\u2019objectif est de renforcer le conseil directement au point d\u2019\u00e9mission en vue d\u2019obtenir un air de meilleur qualit\u00e9.\n\t<\/h3>\n<h2>\n\t\tBon pour le climat\n\t<\/h2>\n\t<p>Si les chauffages au bois pr\u00e9sentent des avantages pour le climat, ils peuvent aussi \u00e9mettre d\u2019importantes quantit\u00e9s de polluants.<\/p>\n<h3>\n\t\tPoussi\u00e8res fines dans l\u2019atmosph\u00e8re\n\t<\/h3>\n\t<p>Les poussi\u00e8res fines sont des particules d\u2019un diam\u00e8tre inf\u00e9rieur \u00e0 10 ou \u00e0 2,5\u00a0microm\u00e8tres (PM\u00a010 et PM\u00a02,5).<\/p>\n<p>Ces poussi\u00e8res affectent directement les voies respiratoires. Les PM 2,5 peuvent par exemple atteindre les alv\u00e9oles pulmonaires et provoquer de graves maladies. L\u2019Organisation mondiale de la sant\u00e9 consid\u00e8re ainsi les particules fines comme canc\u00e9rog\u00e8nes. L\u2019ordonnance sur la protection de l\u2019air (OPair) contient des valeurs limites d\u2019immission, mais celles-ci sont en partie d\u00e9pass\u00e9es en hiver.<\/p>\n<h3>\n\t\tChauffages au bois \u00e0 faible taux d\u2019\u00e9mission\n\t<\/h3>\n\t<p>L\u2019une des mesures de l\u2019OPair, r\u00e9vis\u00e9e en 2018, concerne les petits chauffages au bois tels que les po\u00eales, les chemin\u00e9es et les fourneaux. Les chauffages r\u00e9guli\u00e8rement utilis\u00e9s doivent faire l\u2019objet d\u2019un contr\u00f4le visuel par un sp\u00e9cialiste, tous les deux ans. En effet, une utilisation incorrecte de ce type d\u2019installations g\u00e9n\u00e8re un volume important de polluants atmosph\u00e9riques. La responsabilit\u00e9 de ces contr\u00f4les incombe aux cantons et aux communes. Beaucoup les mettent d\u00e9j\u00e0 en \u0153uvre, tandis que d\u2019autres s\u2019appr\u00eatent \u00e0 le faire.<\/p>\n<h2>\n\t\tUn cocktail de polluants atmosph\u00e9riques en hiver\n\t<\/h2>\n\t<p>Les concentrations de polluants atmosph\u00e9riques d\u00e9passent largement les valeurs limites, notamment en hiver lors de ph\u00e9nom\u00e8nes d\u2019inversion des temp\u00e9ratures. Le trafic, les chaudi\u00e8res \u00e0 mazout et les chauffages au bois contribuent \u00e0 ces d\u00e9passements. <a href=\"https:\/\/feinstaub.ch\/fr\/\" target=\"_blank\" rel=\"noopener noreferrer\">Carte de r\u00e9partition actuelle des poussi\u00e8res fines.<\/a><\/p>\n\t\t\t\t<img loading=\"lazy\" decoding=\"async\" src=\"https:\/\/point-of-fire.ch\/wp-content\/uploads\/2019\/11\/Schadenbild_Jonas_Wieland_BlickaufSarnersee_Winterhalbjahr_20161201_091312.jpg\" alt=\"En hiver, la pollution atmosph\u00e9rique est souvent bien visible au-dessus du lac de Sarnen. &lt;br&gt;\n\u00a9 Jonas Wieland\" itemprop=\"image\" height=\"1368\" width=\"2000\" title=\"Schadenbild_Jonas_Wieland_BlickaufSarnersee_Winterhalbjahr_20161201_091312\" onerror=\"this.style.display='none'\"  \/>\n\t\tEn hiver, la pollution atmosph\u00e9rique est souvent bien visible au-dessus du lac de Sarnen. <br>\n\u00a9 Jonas Wieland\n<h2>\n\t\tConseiller plut\u00f4t que contr\u00f4ler\n\t<\/h2>\n\t<p>L\u2019Office f\u00e9d\u00e9ral de l\u2019environnement (OFEV), en collaboration avec les cantons et les associations professionnelles, a identifi\u00e9 les contr\u00f4leurs de combustion, les ramoneurs et les installateurs comme \u00e9tant les mieux \u00e0 m\u00eame de conseiller les utilisateurs de petits chauffages au bois. Ce site pr\u00e9sente des conseils pour les professionnels, par des professionnels.<\/p>\n\t\t\t\t<img loading=\"lazy\" decoding=\"async\" src=\"https:\/\/point-of-fire.ch\/wp-content\/uploads\/2019\/11\/Beratungssituation_1.jpg\" alt=\"Offrir un cadeau incitatif rappelant l\u2019importance de la combustion par le haut permet d\u2019aborder le sujet sur une note positive.\" itemprop=\"image\" height=\"1333\" width=\"2000\" title=\"Beratungssituation_1\" onerror=\"this.style.display='none'\"  \/>\n\t\tOffrir un cadeau incitatif rappelant l\u2019importance de la combustion par le haut permet d\u2019aborder le sujet sur une note positive.\n\t\t\t\t<img loading=\"lazy\" decoding=\"async\" src=\"https:\/\/point-of-fire.ch\/wp-content\/uploads\/2019\/11\/Beratungssituation_2.jpg\" alt=\"Rencontrer les clients \u00e0 leur domicile permet de les conseiller au mieux directement au point d\u2019\u00e9mission.\" itemprop=\"image\" height=\"1333\" width=\"2000\" title=\"Beratungssituation_2\" onerror=\"this.style.display='none'\"  \/>\n\t\tRencontrer les clients \u00e0 leur domicile permet de les conseiller au mieux directement au point d\u2019\u00e9mission.\n<h3>\n\t\tEffets de la pollution atmosph\u00e9rique sur la sant\u00e9\n\t<\/h3>\n\tIl est prouv\u00e9 que la pollution atmosph\u00e9rique est \u00e0 l&rsquo;origine de maladies et de d\u00e9c\u00e8s pr\u00e9matur\u00e9s.<br \/>\nChaque fois que nous inspirons, des gaz tels que le dioxyde d&rsquo;azote et l&rsquo;ozone ainsi qu&rsquo;une grande quantit\u00e9 de particules fines p\u00e9n\u00e8trent dans nos voies respiratoires et nos poumons. Ces particules se d\u00e9posent dans les bronches et les alv\u00e9oles pulmonaires, o\u00f9 elles peuvent avoir des effets nocifs sur la sant\u00e9 \u00e0 plus ou moins long terme.\n<p>A ce sujet, le centre de documentation sur l&rsquo;air et la sant\u00e9 LUDOK a compil\u00e9 les effets sur la sant\u00e9 des principaux polluants de l&rsquo;air ambiant et les a pr\u00e9sent\u00e9s dans <a href=\"https:\/\/www.swisstph.ch\/fr\/projects\/ludok\/healtheffects\/\" target=\"_blank\" rel=\"noopener noreferrer\">un graphique interactif<\/a>.<\/p>\n\t\t\t\t<a href=\"https:\/\/www.swisstph.ch\/fr\/projects\/ludok\/healtheffects\/\" target=\"_blank\" rel=\"noopener noreferrer\" itemprop=\"url\">\n\t\t\t\t<img loading=\"lazy\" decoding=\"async\" src=\"https:\/\/point-of-fire.ch\/wp-content\/uploads\/2021\/01\/Interaktive-Karte_hoch_fr.png\" alt=\"Interaktive-Karte_hoch_fr\" itemprop=\"image\" height=\"1155\" width=\"1000\" title=\"Interaktive-Karte_hoch_fr\" onerror=\"this.style.display='none'\"  \/>\n\t\t\t\t<\/a>\n<h2>\n\t\tPartenaires\n\t<\/h2>\n\t<p>Cette campagne est soutenue par:<\/p>\n\t\t\t\t<a href=\"https:\/\/www.bafu.admin.ch\/bafu\/fr\/home.html\" target=\"_blank\" rel=\"noopener noreferrer\" itemprop=\"url\">\n\t\t\t\t<img loading=\"lazy\" decoding=\"async\" src=\"https:\/\/point-of-fire.ch\/wp-content\/uploads\/2019\/11\/BAFU_Logo_F.png\" alt=\"BAFU_Logo_F\" itemprop=\"image\" height=\"272\" width=\"800\" title=\"BAFU_Logo_F\" onerror=\"this.style.display='none'\"  \/>\n\t\t\t\t<\/a>\n\t\t\t\t<a href=\"https:\/\/www.kaminfeger.ch\/fr\" target=\"_blank\" rel=\"noopener noreferrer\" itemprop=\"url\">\n\t\t\t\t<img loading=\"lazy\" decoding=\"async\" src=\"https:\/\/point-of-fire.ch\/wp-content\/uploads\/2019\/11\/SKMV-Logo.png\" alt=\"SKMV-Logo\" itemprop=\"image\" height=\"260\" width=\"673\" title=\"SKMV-Logo\" onerror=\"this.style.display='none'\"  \/>\n\t\t\t\t<\/a>\n\t\t\t\t<a href=\"https:\/\/www.feusuisse.ch\/home\" target=\"_blank\" rel=\"noopener noreferrer\" itemprop=\"url\">\n\t\t\t\t<img loading=\"lazy\" decoding=\"async\" src=\"https:\/\/point-of-fire.ch\/wp-content\/uploads\/2019\/11\/feusuisse_fr_cmyk.png\" alt=\"feusuisse_fr_cmyk\" itemprop=\"image\" height=\"357\" width=\"800\" title=\"feusuisse_fr_cmyk\" onerror=\"this.style.display='none'\"  \/>\n\t\t\t\t<\/a>\n\t\t\t\t<a href=\"http:\/\/vsfk.ch\/\" target=\"_blank\" rel=\"noopener noreferrer\" itemprop=\"url\">\n\t\t\t\t<img loading=\"lazy\" decoding=\"async\" src=\"https:\/\/point-of-fire.ch\/wp-content\/uploads\/2019\/11\/VSFK-Logo.png\" alt=\"VSFK-Logo\" itemprop=\"image\" height=\"1228\" width=\"800\" title=\"VSFK-Logo\" onerror=\"this.style.display='none'\"  \/>\n\t\t\t\t<\/a>\n","protected":false},"excerpt":{"rendered":"<p>Fum\u00e9es nocives Les petits chauffages au bois polluent l\u2019atmosph\u00e8re, notamment en d\u00e9gageant des poussi\u00e8res fines plus ou moins importantes en fonction des conditions m\u00e9t\u00e9orologiques. Les professionnels de terrain sont les mieux \u00e0 m\u00eame d\u2019influencer le comportement des utilisateurs. L\u2019objectif est de renforcer le conseil directement au point d\u2019\u00e9mission en vue d\u2019obtenir un air de meilleur&hellip;<\/p>\n","protected":false},"author":1,"featured_media":0,"parent":0,"menu_order":0,"comment_status":"closed","ping_status":"closed","template":"","meta":{"_acf_changed":false,"footnotes":""},"class_list":["post-1621","page","type-page","status-publish","hentry"],"acf":[],"yoast_head":"<!-- This site is optimized with the Yoast SEO plugin v27.4 - https:\/\/yoast.com\/product\/yoast-seo-wordpress\/ -->\n<title>Fum\u00e9es nocives - Point of Fire<\/title>\n<meta name=\"description\" content=\"Les petits chauffages au bois polluent l\u2019atmosph\u00e8re, notamment en d\u00e9gageant des poussi\u00e8res fines plus ou moins importantes en fonction des conditions m\u00e9t\u00e9orologiques. Les professionnels de terrain sont les mieux \u00e0 m\u00eame d\u2019influencer le comportement des utilisateurs. L\u2019objectif est de renforcer le conseil directement au point d\u2019\u00e9mission en vue d\u2019obtenir un air de meilleur qualit\u00e9.\" \/>\n<meta name=\"robots\" content=\"index, follow, max-snippet:-1, max-image-preview:large, max-video-preview:-1\" \/>\n<link rel=\"canonical\" href=\"https:\/\/point-of-fire.ch\/fr\/de-quoi-s-agit-il\/\" \/>\n<meta property=\"og:locale\" content=\"fr_FR\" \/>\n<meta property=\"og:type\" content=\"article\" \/>\n<meta property=\"og:title\" content=\"Point of Fire, toujours de bon conseil\" \/>\n<meta property=\"og:description\" content=\"Les discussions s\u2019\u00e9chauffent devant le po\u00eale? Trouver le conseil adapt\u00e9 pour inciter au bon usage des chauffages au bois est parfois un v\u00e9ritable d\u00e9fi pour les professionnels. Pour vous aider, la plateforme \u00abPoint of Fire\u00bb pr\u00e9sente des t\u00e9moignages de gens du m\u00e9tiers.\" \/>\n<meta property=\"og:url\" content=\"https:\/\/point-of-fire.ch\/fr\/de-quoi-s-agit-il\/\" \/>\n<meta property=\"og:site_name\" content=\"Point of Fire\" \/>\n<meta property=\"article:modified_time\" content=\"2021-01-26T07:47:13+00:00\" \/>\n<meta property=\"og:image\" content=\"https:\/\/point-of-fire.ch\/wp-content\/uploads\/2019\/11\/KeyVisual_SoMe_Pointoffire_FR.png\" \/>\n\t<meta property=\"og:image:width\" content=\"1200\" \/>\n\t<meta property=\"og:image:height\" content=\"600\" \/>\n\t<meta property=\"og:image:type\" content=\"image\/png\" \/>\n<meta name=\"twitter:card\" content=\"summary_large_image\" \/>\n<meta name=\"twitter:title\" content=\"Point of Fire, toujours de bon conseil\" \/>\n<meta name=\"twitter:description\" content=\"Les discussions s\u2019\u00e9chauffent devant le po\u00eale? Trouver le conseil adapt\u00e9 pour inciter au bon usage des chauffages au bois est parfois un v\u00e9ritable d\u00e9fi pour les professionnels. Pour vous aider, la plateforme \u00abPoint of Fire\u00bb pr\u00e9sente des t\u00e9moignages de gens du m\u00e9tiers.\" \/>\n<meta name=\"twitter:image\" content=\"https:\/\/point-of-fire.ch\/wp-content\/uploads\/2019\/11\/KeyVisual_SoMe_Pointoffire_FR.png\" \/>\n<meta name=\"twitter:label1\" content=\"Dur\u00e9e de lecture estim\u00e9e\" \/>\n\t<meta name=\"twitter:data1\" content=\"3 minutes\" \/>\n<script type=\"application\/ld+json\" class=\"yoast-schema-graph\">{\"@context\":\"https:\\\/\\\/schema.org\",\"@graph\":[{\"@type\":\"WebPage\",\"@id\":\"https:\\\/\\\/point-of-fire.ch\\\/fr\\\/de-quoi-s-agit-il\\\/\",\"url\":\"https:\\\/\\\/point-of-fire.ch\\\/fr\\\/de-quoi-s-agit-il\\\/\",\"name\":\"Fum\u00e9es nocives - Point of Fire\",\"isPartOf\":{\"@id\":\"https:\\\/\\\/point-of-fire.ch\\\/it\\\/#website\"},\"primaryImageOfPage\":{\"@id\":\"https:\\\/\\\/point-of-fire.ch\\\/fr\\\/de-quoi-s-agit-il\\\/#primaryimage\"},\"image\":{\"@id\":\"https:\\\/\\\/point-of-fire.ch\\\/fr\\\/de-quoi-s-agit-il\\\/#primaryimage\"},\"thumbnailUrl\":\"https:\\\/\\\/point-of-fire.ch\\\/wp-content\\\/uploads\\\/2019\\\/11\\\/Schadenbild_Jonas_Wieland_BlickaufSarnersee_Winterhalbjahr_20161201_091312.jpg\",\"datePublished\":\"2019-11-12T14:22:17+00:00\",\"dateModified\":\"2021-01-26T07:47:13+00:00\",\"description\":\"Les petits chauffages au bois polluent l\u2019atmosph\u00e8re, notamment en d\u00e9gageant des poussi\u00e8res fines plus ou moins importantes en fonction des conditions m\u00e9t\u00e9orologiques. Les professionnels de terrain sont les mieux \u00e0 m\u00eame d\u2019influencer le comportement des utilisateurs. L\u2019objectif est de renforcer le conseil directement au point d\u2019\u00e9mission en vue d\u2019obtenir un air de meilleur qualit\u00e9.\",\"breadcrumb\":{\"@id\":\"https:\\\/\\\/point-of-fire.ch\\\/fr\\\/de-quoi-s-agit-il\\\/#breadcrumb\"},\"inLanguage\":\"fr-FR\",\"potentialAction\":[{\"@type\":\"ReadAction\",\"target\":[\"https:\\\/\\\/point-of-fire.ch\\\/fr\\\/de-quoi-s-agit-il\\\/\"]}]},{\"@type\":\"ImageObject\",\"inLanguage\":\"fr-FR\",\"@id\":\"https:\\\/\\\/point-of-fire.ch\\\/fr\\\/de-quoi-s-agit-il\\\/#primaryimage\",\"url\":\"https:\\\/\\\/point-of-fire.ch\\\/wp-content\\\/uploads\\\/2019\\\/11\\\/Schadenbild_Jonas_Wieland_BlickaufSarnersee_Winterhalbjahr_20161201_091312.jpg\",\"contentUrl\":\"https:\\\/\\\/point-of-fire.ch\\\/wp-content\\\/uploads\\\/2019\\\/11\\\/Schadenbild_Jonas_Wieland_BlickaufSarnersee_Winterhalbjahr_20161201_091312.jpg\"},{\"@type\":\"BreadcrumbList\",\"@id\":\"https:\\\/\\\/point-of-fire.ch\\\/fr\\\/de-quoi-s-agit-il\\\/#breadcrumb\",\"itemListElement\":[{\"@type\":\"ListItem\",\"position\":1,\"name\":\"Startseite\",\"item\":\"https:\\\/\\\/point-of-fire.ch\\\/fr\\\/\"},{\"@type\":\"ListItem\",\"position\":2,\"name\":\"De quoi s\u2019agit-il?\"}]},{\"@type\":\"WebSite\",\"@id\":\"https:\\\/\\\/point-of-fire.ch\\\/it\\\/#website\",\"url\":\"https:\\\/\\\/point-of-fire.ch\\\/it\\\/\",\"name\":\"Point of Fire\",\"description\":\"Eine weitere WordPress-Website\",\"publisher\":{\"@id\":\"https:\\\/\\\/point-of-fire.ch\\\/it\\\/#organization\"},\"potentialAction\":[{\"@type\":\"SearchAction\",\"target\":{\"@type\":\"EntryPoint\",\"urlTemplate\":\"https:\\\/\\\/point-of-fire.ch\\\/it\\\/?s={search_term_string}\"},\"query-input\":{\"@type\":\"PropertyValueSpecification\",\"valueRequired\":true,\"valueName\":\"search_term_string\"}}],\"inLanguage\":\"fr-FR\"},{\"@type\":\"Organization\",\"@id\":\"https:\\\/\\\/point-of-fire.ch\\\/it\\\/#organization\",\"name\":\"Point of Fire\",\"url\":\"https:\\\/\\\/point-of-fire.ch\\\/it\\\/\",\"logo\":{\"@type\":\"ImageObject\",\"inLanguage\":\"fr-FR\",\"@id\":\"https:\\\/\\\/point-of-fire.ch\\\/it\\\/#\\\/schema\\\/logo\\\/image\\\/\",\"url\":\"https:\\\/\\\/point-of-fire.ch\\\/wp-content\\\/uploads\\\/2019\\\/08\\\/Logo_Point_of_Fire.svg\",\"contentUrl\":\"https:\\\/\\\/point-of-fire.ch\\\/wp-content\\\/uploads\\\/2019\\\/08\\\/Logo_Point_of_Fire.svg\",\"width\":1,\"height\":1,\"caption\":\"Point of Fire\"},\"image\":{\"@id\":\"https:\\\/\\\/point-of-fire.ch\\\/it\\\/#\\\/schema\\\/logo\\\/image\\\/\"}}]}<\/script>\n<!-- \/ Yoast SEO plugin. -->","yoast_head_json":{"title":"Fum\u00e9es nocives - Point of Fire","description":"Les petits chauffages au bois polluent l\u2019atmosph\u00e8re, notamment en d\u00e9gageant des poussi\u00e8res fines plus ou moins importantes en fonction des conditions m\u00e9t\u00e9orologiques. Les professionnels de terrain sont les mieux \u00e0 m\u00eame d\u2019influencer le comportement des utilisateurs. L\u2019objectif est de renforcer le conseil directement au point d\u2019\u00e9mission en vue d\u2019obtenir un air de meilleur qualit\u00e9.","robots":{"index":"index","follow":"follow","max-snippet":"max-snippet:-1","max-image-preview":"max-image-preview:large","max-video-preview":"max-video-preview:-1"},"canonical":"https:\/\/point-of-fire.ch\/fr\/de-quoi-s-agit-il\/","og_locale":"fr_FR","og_type":"article","og_title":"Point of Fire, toujours de bon conseil","og_description":"Les discussions s\u2019\u00e9chauffent devant le po\u00eale? Trouver le conseil adapt\u00e9 pour inciter au bon usage des chauffages au bois est parfois un v\u00e9ritable d\u00e9fi pour les professionnels. Pour vous aider, la plateforme \u00abPoint of Fire\u00bb pr\u00e9sente des t\u00e9moignages de gens du m\u00e9tiers.","og_url":"https:\/\/point-of-fire.ch\/fr\/de-quoi-s-agit-il\/","og_site_name":"Point of Fire","article_modified_time":"2021-01-26T07:47:13+00:00","og_image":[{"width":1200,"height":600,"url":"https:\/\/point-of-fire.ch\/wp-content\/uploads\/2019\/11\/KeyVisual_SoMe_Pointoffire_FR.png","type":"image\/png"}],"twitter_card":"summary_large_image","twitter_title":"Point of Fire, toujours de bon conseil","twitter_description":"Les discussions s\u2019\u00e9chauffent devant le po\u00eale? Trouver le conseil adapt\u00e9 pour inciter au bon usage des chauffages au bois est parfois un v\u00e9ritable d\u00e9fi pour les professionnels. Pour vous aider, la plateforme \u00abPoint of Fire\u00bb pr\u00e9sente des t\u00e9moignages de gens du m\u00e9tiers.","twitter_image":"https:\/\/point-of-fire.ch\/wp-content\/uploads\/2019\/11\/KeyVisual_SoMe_Pointoffire_FR.png","twitter_misc":{"Dur\u00e9e de lecture estim\u00e9e":"3 minutes"},"schema":{"@context":"https:\/\/schema.org","@graph":[{"@type":"WebPage","@id":"https:\/\/point-of-fire.ch\/fr\/de-quoi-s-agit-il\/","url":"https:\/\/point-of-fire.ch\/fr\/de-quoi-s-agit-il\/","name":"Fum\u00e9es nocives - Point of Fire","isPartOf":{"@id":"https:\/\/point-of-fire.ch\/it\/#website"},"primaryImageOfPage":{"@id":"https:\/\/point-of-fire.ch\/fr\/de-quoi-s-agit-il\/#primaryimage"},"image":{"@id":"https:\/\/point-of-fire.ch\/fr\/de-quoi-s-agit-il\/#primaryimage"},"thumbnailUrl":"https:\/\/point-of-fire.ch\/wp-content\/uploads\/2019\/11\/Schadenbild_Jonas_Wieland_BlickaufSarnersee_Winterhalbjahr_20161201_091312.jpg","datePublished":"2019-11-12T14:22:17+00:00","dateModified":"2021-01-26T07:47:13+00:00","description":"Les petits chauffages au bois polluent l\u2019atmosph\u00e8re, notamment en d\u00e9gageant des poussi\u00e8res fines plus ou moins importantes en fonction des conditions m\u00e9t\u00e9orologiques. Les professionnels de terrain sont les mieux \u00e0 m\u00eame d\u2019influencer le comportement des utilisateurs. L\u2019objectif est de renforcer le conseil directement au point d\u2019\u00e9mission en vue d\u2019obtenir un air de meilleur qualit\u00e9.","breadcrumb":{"@id":"https:\/\/point-of-fire.ch\/fr\/de-quoi-s-agit-il\/#breadcrumb"},"inLanguage":"fr-FR","potentialAction":[{"@type":"ReadAction","target":["https:\/\/point-of-fire.ch\/fr\/de-quoi-s-agit-il\/"]}]},{"@type":"ImageObject","inLanguage":"fr-FR","@id":"https:\/\/point-of-fire.ch\/fr\/de-quoi-s-agit-il\/#primaryimage","url":"https:\/\/point-of-fire.ch\/wp-content\/uploads\/2019\/11\/Schadenbild_Jonas_Wieland_BlickaufSarnersee_Winterhalbjahr_20161201_091312.jpg","contentUrl":"https:\/\/point-of-fire.ch\/wp-content\/uploads\/2019\/11\/Schadenbild_Jonas_Wieland_BlickaufSarnersee_Winterhalbjahr_20161201_091312.jpg"},{"@type":"BreadcrumbList","@id":"https:\/\/point-of-fire.ch\/fr\/de-quoi-s-agit-il\/#breadcrumb","itemListElement":[{"@type":"ListItem","position":1,"name":"Startseite","item":"https:\/\/point-of-fire.ch\/fr\/"},{"@type":"ListItem","position":2,"name":"De quoi s\u2019agit-il?"}]},{"@type":"WebSite","@id":"https:\/\/point-of-fire.ch\/it\/#website","url":"https:\/\/point-of-fire.ch\/it\/","name":"Point of Fire","description":"Eine weitere WordPress-Website","publisher":{"@id":"https:\/\/point-of-fire.ch\/it\/#organization"},"potentialAction":[{"@type":"SearchAction","target":{"@type":"EntryPoint","urlTemplate":"https:\/\/point-of-fire.ch\/it\/?s={search_term_string}"},"query-input":{"@type":"PropertyValueSpecification","valueRequired":true,"valueName":"search_term_string"}}],"inLanguage":"fr-FR"},{"@type":"Organization","@id":"https:\/\/point-of-fire.ch\/it\/#organization","name":"Point of Fire","url":"https:\/\/point-of-fire.ch\/it\/","logo":{"@type":"ImageObject","inLanguage":"fr-FR","@id":"https:\/\/point-of-fire.ch\/it\/#\/schema\/logo\/image\/","url":"https:\/\/point-of-fire.ch\/wp-content\/uploads\/2019\/08\/Logo_Point_of_Fire.svg","contentUrl":"https:\/\/point-of-fire.ch\/wp-content\/uploads\/2019\/08\/Logo_Point_of_Fire.svg","width":1,"height":1,"caption":"Point of Fire"},"image":{"@id":"https:\/\/point-of-fire.ch\/it\/#\/schema\/logo\/image\/"}}]}},"_links":{"self":[{"href":"https:\/\/point-of-fire.ch\/fr\/wp-json\/wp\/v2\/pages\/1621","targetHints":{"allow":["GET"]}}],"collection":[{"href":"https:\/\/point-of-fire.ch\/fr\/wp-json\/wp\/v2\/pages"}],"about":[{"href":"https:\/\/point-of-fire.ch\/fr\/wp-json\/wp\/v2\/types\/page"}],"author":[{"embeddable":true,"href":"https:\/\/point-of-fire.ch\/fr\/wp-json\/wp\/v2\/users\/1"}],"replies":[{"embeddable":true,"href":"https:\/\/point-of-fire.ch\/fr\/wp-json\/wp\/v2\/comments?post=1621"}],"version-history":[{"count":16,"href":"https:\/\/point-of-fire.ch\/fr\/wp-json\/wp\/v2\/pages\/1621\/revisions"}],"predecessor-version":[{"id":2246,"href":"https:\/\/point-of-fire.ch\/fr\/wp-json\/wp\/v2\/pages\/1621\/revisions\/2246"}],"wp:attachment":[{"href":"https:\/\/point-of-fire.ch\/fr\/wp-json\/wp\/v2\/media?parent=1621"}],"curies":[{"name":"wp","href":"https:\/\/api.w.org\/{rel}","templated":true}]}}